{"id":53,"date":"2023-05-18T18:11:44","date_gmt":"2023-05-18T18:11:44","guid":{"rendered":"https:\/\/venustas.ch\/wordpress\/?page_id=53"},"modified":"2026-02-25T07:00:28","modified_gmt":"2026-02-25T07:00:28","slug":"wimpern","status":"publish","type":"page","link":"https:\/\/venustas.ch\/wordpress\/wimpern\/","title":{"rendered":"Wimpern"},"content":{"rendered":"\n<h2 class=\"wp-block-heading\"><strong>Lifting<\/strong><\/h2>\n\n\n\n<p>Verleiht Ihren nat\u00fcrlichen Wimpern einen ge\u00f6ffneten und wachen Ausdruck, ohne k\u00fcnstliche Extensions. Geniessen Sie bis zu sechs Wochen lang den sch\u00f6nen Effekt des Wimpernliftings, ohne t\u00e4gliches Nacharbeiten oder Auftragen von Mascara. Vergessen Sie die Wimpernzange. Unter Lifting gibt Ihren Wimpern den gew\u00fcnschten Schwung, ohne dass zus\u00e4tzliche Werkzeuge erforderlich sind. Verk\u00fcrzen Sie Ihre Morgenroutine, da Sie auf das Auftragen von Mascara oder das Benutzen einer Wimpernzange verzichten k\u00f6nnen, w\u00e4hrend Ihre Wimpern dennoch perfekt aussehen. Entdecken Sie die Vorz\u00fcge eines Wimpernliftings f\u00fcr einen nat\u00fcrlichen, wachen Blick ohne den Aufwand von t\u00e4glichem Wimpernstyling.<\/p>\n\n\n\n<div class=\"wp-block-buttons is-layout-flex wp-block-buttons-is-layout-flex\">\n<div class=\"wp-block-button\"><a class=\"wp-block-button__link wp-element-button\" href=\"https:\/\/buchung.treatwell.ch\/ort\/venustas-beauty-gmbh\/\">Termin Buchen<\/a><\/div>\n<\/div>\n\n\n\n<div style=\"height:100px\" aria-hidden=\"true\" class=\"wp-block-spacer\"><\/div>\n\n\n\n<figure class=\"wp-block-gallery has-nested-images columns-default is-cropped wp-block-gallery-1 is-layout-flex wp-block-gallery-is-layout-flex\">\n<figure class=\"wp-block-image size-large\"><img loading=\"lazy\" decoding=\"async\" width=\"480\" height=\"477\" data-id=\"202\" src=\"https:\/\/venustas.ch\/wordpress\/wp-content\/uploads\/2024\/01\/lashlifting-2022_11_15-21_26_21-UTC.jpg\" alt=\"\" class=\"wp-image-202\" srcset=\"https:\/\/venustas.ch\/wordpress\/wp-content\/uploads\/2024\/01\/lashlifting-2022_11_15-21_26_21-UTC.jpg 480w, https:\/\/venustas.ch\/wordpress\/wp-content\/uploads\/2024\/01\/lashlifting-2022_11_15-21_26_21-UTC-300x298.jpg 300w, https:\/\/venustas.ch\/wordpress\/wp-content\/uploads\/2024\/01\/lashlifting-2022_11_15-21_26_21-UTC-150x150.jpg 150w, https:\/\/venustas.ch\/wordpress\/wp-content\/uploads\/2024\/01\/lashlifting-2022_11_15-21_26_21-UTC-100x100.jpg 100w\" sizes=\"auto, (max-width: 480px) 100vw, 480px\" \/><\/figure>\n\n\n\n<figure class=\"wp-block-image size-large\"><img loading=\"lazy\" decoding=\"async\" width=\"816\" height=\"1024\" data-id=\"203\" src=\"https:\/\/venustas.ch\/wordpress\/wp-content\/uploads\/2024\/01\/Lashlifting.jpg\" alt=\"\" class=\"wp-image-203\" srcset=\"https:\/\/venustas.ch\/wordpress\/wp-content\/uploads\/2024\/01\/Lashlifting.jpg 816w, https:\/\/venustas.ch\/wordpress\/wp-content\/uploads\/2024\/01\/Lashlifting-239x300.jpg 239w, https:\/\/venustas.ch\/wordpress\/wp-content\/uploads\/2024\/01\/Lashlifting-768x964.jpg 768w\" sizes=\"auto, (max-width: 816px) 100vw, 816px\" \/><\/figure>\n<\/figure>\n\n\n\n<div style=\"height:100px\" aria-hidden=\"true\" class=\"wp-block-spacer\"><\/div>\n\n\n\n<h2 class=\"wp-block-heading\"><strong>Classic 1:1 Technik (Verl\u00e4ngerung)<\/strong><\/h2>\n\n\n\n<p>Diese Technik bietet einen nat\u00fcrlichen Look, der Ihre Wimpern l\u00e4nger erscheinen l\u00e4sst, ohne dabei k\u00fcnstlich zu wirken. Jede Wimper wird individuell gem\u00e4ss Ihre nat\u00fcrlichen Wimpern verl\u00e4ngert, was ein massgeschneidertes Erscheinungsbild gew\u00e4hrleistet. Dank der Verwendung von leichter Wimpernextensions sind unsere 1:1 Verl\u00e4ngerungen angenehm zu tragen und beeintr\u00e4chtigen nicht das nat\u00fcrliche Wimpernwachstum. Mit den Extensions k\u00f6nnen Sie morgens Zeit sparen, da Sie auf Mascara und Wimpernzange verzichten k\u00f6nnen w\u00e4hrend Ihre Wimpern dennoch perfekt aussehen. Unsere Hochwertigen Produkte und erfahrene Anwendung sorgen f\u00fcr lang anhaltende Ergebnisse, die Ihnen langfristige sch\u00f6ne Wimpern bieten.<\/p>\n\n\n\n<div class=\"wp-block-buttons is-layout-flex wp-block-buttons-is-layout-flex\">\n<div class=\"wp-block-button\"><a class=\"wp-block-button__link wp-element-button\" href=\"https:\/\/buchung.treatwell.ch\/ort\/venustas-beauty-gmbh\/\">Termin Buchen<\/a><\/div>\n<\/div>\n\n\n\n<div style=\"height:100px\" aria-hidden=\"true\" class=\"wp-block-spacer\"><\/div>\n\n\n\n<figure class=\"wp-block-gallery has-nested-images columns-default is-cropped wp-block-gallery-2 is-layout-flex wp-block-gallery-is-layout-flex\">\n<figure class=\"wp-block-image size-large\"><img loading=\"lazy\" decoding=\"async\" width=\"1024\" height=\"873\" data-id=\"54\" src=\"https:\/\/venustas.ch\/wordpress\/wp-content\/uploads\/2023\/05\/IMG_1540-2022_11_15-21_26_21-UTC-1024x873.jpg\" alt=\"\" class=\"wp-image-54\" srcset=\"https:\/\/venustas.ch\/wordpress\/wp-content\/uploads\/2023\/05\/IMG_1540-2022_11_15-21_26_21-UTC-1024x873.jpg 1024w, https:\/\/venustas.ch\/wordpress\/wp-content\/uploads\/2023\/05\/IMG_1540-2022_11_15-21_26_21-UTC-300x256.jpg 300w, https:\/\/venustas.ch\/wordpress\/wp-content\/uploads\/2023\/05\/IMG_1540-2022_11_15-21_26_21-UTC-768x655.jpg 768w, https:\/\/venustas.ch\/wordpress\/wp-content\/uploads\/2023\/05\/IMG_1540-2022_11_15-21_26_21-UTC-1536x1309.jpg 1536w, https:\/\/venustas.ch\/wordpress\/wp-content\/uploads\/2023\/05\/IMG_1540-2022_11_15-21_26_21-UTC.jpg 1943w\" sizes=\"auto, (max-width: 1024px) 100vw, 1024px\" \/><\/figure>\n\n\n\n<figure class=\"wp-block-image size-large\"><img loading=\"lazy\" decoding=\"async\" width=\"1024\" height=\"813\" data-id=\"55\" src=\"https:\/\/venustas.ch\/wordpress\/wp-content\/uploads\/2023\/05\/IMG_1576-2022_11_15-21_26_21-UTC-1024x813.jpg\" alt=\"\" class=\"wp-image-55\" srcset=\"https:\/\/venustas.ch\/wordpress\/wp-content\/uploads\/2023\/05\/IMG_1576-2022_11_15-21_26_21-UTC-1024x813.jpg 1024w, https:\/\/venustas.ch\/wordpress\/wp-content\/uploads\/2023\/05\/IMG_1576-2022_11_15-21_26_21-UTC-300x238.jpg 300w, https:\/\/venustas.ch\/wordpress\/wp-content\/uploads\/2023\/05\/IMG_1576-2022_11_15-21_26_21-UTC-768x609.jpg 768w, https:\/\/venustas.ch\/wordpress\/wp-content\/uploads\/2023\/05\/IMG_1576-2022_11_15-21_26_21-UTC-1536x1219.jpg 1536w, https:\/\/venustas.ch\/wordpress\/wp-content\/uploads\/2023\/05\/IMG_1576-2022_11_15-21_26_21-UTC.jpg 2048w\" sizes=\"auto, (max-width: 1024px) 100vw, 1024px\" \/><\/figure>\n<\/figure>\n\n\n\n<div style=\"height:100px\" aria-hidden=\"true\" class=\"wp-block-spacer\"><\/div>\n\n\n\n<h2 class=\"wp-block-heading\"><strong>Volumenwimpern (Verdichtung)<\/strong><\/h2>\n\n\n\n<p>Diese Technik verleiht Ihren Wimpern eine dramatische F\u00fclle und Definition, die einen intensiven und beeindruckenden Blick schafft. Jede Behandlung wird sorgf\u00e4ltig angepasst, um das gew\u00fcnschte Volumen zu erreichen, w\u00e4hrend gleichzeitig die nat\u00fcrliche Wimperngesundheit bewahrt wird. Trotz des dramatischen Effekts sind unsere Volumenwimpern leicht und bequem zu tragen, sodass Sie sich den ganzen Tag \u00fcber wohl f\u00fchlen. Wir sind geschult und erfahrene Stylisten und k\u00f6nnen verschiedene Volumestufen und Stile kreieren, um Ihren pers\u00f6hnlichen Vorlieben und dem gew\u00fcnschten Ausdruck gerecht zu werden. Entdecken Sie die Welt der Volumenwimpern und erleben Sie einen intensiven Blick, der Ihre Augen zum Strahlen bringt.<\/p>\n\n\n\n<div class=\"wp-block-buttons is-layout-flex wp-block-buttons-is-layout-flex\">\n<div class=\"wp-block-button\"><a class=\"wp-block-button__link wp-element-button\" href=\"https:\/\/buchung.treatwell.ch\/ort\/venustas-beauty-gmbh\/\">Termin Buchen<\/a><\/div>\n<\/div>\n\n\n\n<div style=\"height:100px\" aria-hidden=\"true\" class=\"wp-block-spacer\"><\/div>\n\n\n\n<figure class=\"wp-block-gallery has-nested-images columns-default is-cropped wp-block-gallery-3 is-layout-flex wp-block-gallery-is-layout-flex\">\n<figure class=\"wp-block-image size-large\"><img loading=\"lazy\" decoding=\"async\" width=\"786\" height=\"1024\" data-id=\"58\" src=\"https:\/\/venustas.ch\/wordpress\/wp-content\/uploads\/2023\/05\/2F464BBB-3CD4-43DF-8604-71805637074D-786x1024.jpeg\" alt=\"\" class=\"wp-image-58\" srcset=\"https:\/\/venustas.ch\/wordpress\/wp-content\/uploads\/2023\/05\/2F464BBB-3CD4-43DF-8604-71805637074D-786x1024.jpeg 786w, https:\/\/venustas.ch\/wordpress\/wp-content\/uploads\/2023\/05\/2F464BBB-3CD4-43DF-8604-71805637074D-230x300.jpeg 230w, https:\/\/venustas.ch\/wordpress\/wp-content\/uploads\/2023\/05\/2F464BBB-3CD4-43DF-8604-71805637074D-768x1001.jpeg 768w, https:\/\/venustas.ch\/wordpress\/wp-content\/uploads\/2023\/05\/2F464BBB-3CD4-43DF-8604-71805637074D-1178x1536.jpeg 1178w, https:\/\/venustas.ch\/wordpress\/wp-content\/uploads\/2023\/05\/2F464BBB-3CD4-43DF-8604-71805637074D-1571x2048.jpeg 1571w, https:\/\/venustas.ch\/wordpress\/wp-content\/uploads\/2023\/05\/2F464BBB-3CD4-43DF-8604-71805637074D.jpeg 1938w\" sizes=\"auto, (max-width: 786px) 100vw, 786px\" \/><\/figure>\n\n\n\n<figure class=\"wp-block-image size-large\"><img loading=\"lazy\" decoding=\"async\" width=\"768\" height=\"1024\" data-id=\"57\" src=\"https:\/\/venustas.ch\/wordpress\/wp-content\/uploads\/2023\/05\/IMG_4161-768x1024.jpeg\" alt=\"\" class=\"wp-image-57\" srcset=\"https:\/\/venustas.ch\/wordpress\/wp-content\/uploads\/2023\/05\/IMG_4161-768x1024.jpeg 768w, https:\/\/venustas.ch\/wordpress\/wp-content\/uploads\/2023\/05\/IMG_4161-225x300.jpeg 225w, https:\/\/venustas.ch\/wordpress\/wp-content\/uploads\/2023\/05\/IMG_4161-1152x1536.jpeg 1152w, https:\/\/venustas.ch\/wordpress\/wp-content\/uploads\/2023\/05\/IMG_4161.jpeg 1536w\" sizes=\"auto, (max-width: 768px) 100vw, 768px\" \/><\/figure>\n\n\n\n<figure class=\"wp-block-image size-large\"><img loading=\"lazy\" decoding=\"async\" width=\"787\" height=\"1024\" data-id=\"56\" src=\"https:\/\/venustas.ch\/wordpress\/wp-content\/uploads\/2023\/05\/A0BD3DE0-4952-42D2-8C69-C49E47D3FD87-787x1024.jpeg\" alt=\"\" class=\"wp-image-56\" srcset=\"https:\/\/venustas.ch\/wordpress\/wp-content\/uploads\/2023\/05\/A0BD3DE0-4952-42D2-8C69-C49E47D3FD87-787x1024.jpeg 787w, https:\/\/venustas.ch\/wordpress\/wp-content\/uploads\/2023\/05\/A0BD3DE0-4952-42D2-8C69-C49E47D3FD87-231x300.jpeg 231w, https:\/\/venustas.ch\/wordpress\/wp-content\/uploads\/2023\/05\/A0BD3DE0-4952-42D2-8C69-C49E47D3FD87-768x999.jpeg 768w, https:\/\/venustas.ch\/wordpress\/wp-content\/uploads\/2023\/05\/A0BD3DE0-4952-42D2-8C69-C49E47D3FD87-1181x1536.jpeg 1181w, https:\/\/venustas.ch\/wordpress\/wp-content\/uploads\/2023\/05\/A0BD3DE0-4952-42D2-8C69-C49E47D3FD87.jpeg 1266w\" sizes=\"auto, (max-width: 787px) 100vw, 787px\" \/><\/figure>\n<\/figure>\n","protected":false},"excerpt":{"rendered":"<p>Lifting Verleiht Ihren nat\u00fcrlichen Wimpern einen ge\u00f6ffneten und wachen Ausdruck, ohne k\u00fcnstliche Extensions. Geniessen Sie bis zu sechs Wochen lang den sch\u00f6nen Effekt des Wimpernliftings, ohne t\u00e4gliches Nacharbeiten oder Auftragen von Mascara. Vergessen Sie die Wimpernzange. Unter Lifting gibt Ihren Wimpern den gew\u00fcnschten Schwung, ohne dass zus\u00e4tzliche Werkzeuge erforderlich sind. Verk\u00fcrzen Sie Ihre Morgenroutine, da [&hellip;]<\/p>\n","protected":false},"author":1,"featured_media":0,"parent":0,"menu_order":0,"comment_status":"closed","ping_status":"closed","template":"","meta":{"footnotes":""},"class_list":["post-53","page","type-page","status-publish","hentry"],"_links":{"self":[{"href":"https:\/\/venustas.ch\/wordpress\/wp-json\/wp\/v2\/pages\/53","targetHints":{"allow":["GET"]}}],"collection":[{"href":"https:\/\/venustas.ch\/wordpress\/wp-json\/wp\/v2\/pages"}],"about":[{"href":"https:\/\/venustas.ch\/wordpress\/wp-json\/wp\/v2\/types\/page"}],"author":[{"embeddable":true,"href":"https:\/\/venustas.ch\/wordpress\/wp-json\/wp\/v2\/users\/1"}],"replies":[{"embeddable":true,"href":"https:\/\/venustas.ch\/wordpress\/wp-json\/wp\/v2\/comments?post=53"}],"version-history":[{"count":10,"href":"https:\/\/venustas.ch\/wordpress\/wp-json\/wp\/v2\/pages\/53\/revisions"}],"predecessor-version":[{"id":458,"href":"https:\/\/venustas.ch\/wordpress\/wp-json\/wp\/v2\/pages\/53\/revisions\/458"}],"wp:attachment":[{"href":"https:\/\/venustas.ch\/wordpress\/wp-json\/wp\/v2\/media?parent=53"}],"curies":[{"name":"wp","href":"https:\/\/api.w.org\/{rel}","templated":true}]}}