{"id":44,"date":"2023-05-18T17:58:23","date_gmt":"2023-05-18T17:58:23","guid":{"rendered":"https:\/\/venustas.ch\/wordpress\/?page_id=44"},"modified":"2026-02-25T06:54:19","modified_gmt":"2026-02-25T06:54:19","slug":"fuesse","status":"publish","type":"page","link":"https:\/\/venustas.ch\/wordpress\/fuesse\/","title":{"rendered":"F\u00fcsse"},"content":{"rendered":"\n<p>Unsere Kosmetische Fusspflege sorgt nicht nur f\u00fcr sch\u00f6ne N\u00e4gel, sonder auch f\u00fcr gesunde und gepflegte F\u00fcsse, was das allgemeine Wohlbefinden in den Schuhen oder Barfuss steigert. Mit hochwertigen Pflegeprodukten gew\u00e4hrleisten wir nicht nur ein \u00e4sthetisch ansprechendes Ergebnis, sonder auch lang anhaltende Pflege f\u00fcr Ihre F\u00fcsse. Ob elegantes Design oder klassische Pedik\u00fcre &#8211; wir bieten ein stilvolles Finisch, das nicht nur Ihre F\u00fcsse versch\u00f6nert, sonder auch Ihr gesamtes Erscheinungsbild unterstreicht. G\u00f6nnen Sie Ihren F\u00fcssen die Aufmerksamkeit, die sie verdienen und erleben Sie die umfassende Pflege und Entspannung unserer Behandlung.<\/p>\n\n\n\n<div class=\"wp-block-buttons is-layout-flex wp-block-buttons-is-layout-flex\">\n<div class=\"wp-block-button\"><a class=\"wp-block-button__link wp-element-button\" href=\"https:\/\/buchung.treatwell.ch\/ort\/venustas-beauty-gmbh\/\">Termin Buchen<\/a><\/div>\n<\/div>\n\n\n\n<div style=\"height:100px\" aria-hidden=\"true\" class=\"wp-block-spacer\"><\/div>\n\n\n\n<figure class=\"wp-block-gallery has-nested-images columns-default is-cropped wp-block-gallery-1 is-layout-flex wp-block-gallery-is-layout-flex\">\n<figure class=\"wp-block-image size-large\"><img loading=\"lazy\" decoding=\"async\" width=\"1024\" height=\"812\" data-id=\"191\" src=\"https:\/\/venustas.ch\/wordpress\/wp-content\/uploads\/2024\/01\/D20C0FEF-2A64-4683-957D-249C0DD5E5DE-1024x812.jpeg\" alt=\"\" class=\"wp-image-191\" srcset=\"https:\/\/venustas.ch\/wordpress\/wp-content\/uploads\/2024\/01\/D20C0FEF-2A64-4683-957D-249C0DD5E5DE-1024x812.jpeg 1024w, https:\/\/venustas.ch\/wordpress\/wp-content\/uploads\/2024\/01\/D20C0FEF-2A64-4683-957D-249C0DD5E5DE-300x238.jpeg 300w, https:\/\/venustas.ch\/wordpress\/wp-content\/uploads\/2024\/01\/D20C0FEF-2A64-4683-957D-249C0DD5E5DE-768x609.jpeg 768w, https:\/\/venustas.ch\/wordpress\/wp-content\/uploads\/2024\/01\/D20C0FEF-2A64-4683-957D-249C0DD5E5DE-1536x1217.jpeg 1536w, https:\/\/venustas.ch\/wordpress\/wp-content\/uploads\/2024\/01\/D20C0FEF-2A64-4683-957D-249C0DD5E5DE-2048x1623.jpeg 2048w\" sizes=\"auto, (max-width: 1024px) 100vw, 1024px\" \/><\/figure>\n\n\n\n<figure class=\"wp-block-image size-large\"><img loading=\"lazy\" decoding=\"async\" width=\"768\" height=\"1024\" data-id=\"45\" src=\"https:\/\/venustas.ch\/wordpress\/wp-content\/uploads\/2023\/05\/IMG_4132-768x1024.jpeg\" alt=\"\" class=\"wp-image-45\" srcset=\"https:\/\/venustas.ch\/wordpress\/wp-content\/uploads\/2023\/05\/IMG_4132-768x1024.jpeg 768w, https:\/\/venustas.ch\/wordpress\/wp-content\/uploads\/2023\/05\/IMG_4132-225x300.jpeg 225w, https:\/\/venustas.ch\/wordpress\/wp-content\/uploads\/2023\/05\/IMG_4132-1152x1536.jpeg 1152w, https:\/\/venustas.ch\/wordpress\/wp-content\/uploads\/2023\/05\/IMG_4132.jpeg 1536w\" sizes=\"auto, (max-width: 768px) 100vw, 768px\" \/><\/figure>\n\n\n\n<figure class=\"wp-block-image size-large\"><img loading=\"lazy\" decoding=\"async\" width=\"1024\" height=\"928\" data-id=\"123\" src=\"https:\/\/venustas.ch\/wordpress\/wp-content\/uploads\/2023\/05\/IMG_5922-1024x928.png\" alt=\"\" class=\"wp-image-123\" srcset=\"https:\/\/venustas.ch\/wordpress\/wp-content\/uploads\/2023\/05\/IMG_5922-1024x928.png 1024w, https:\/\/venustas.ch\/wordpress\/wp-content\/uploads\/2023\/05\/IMG_5922-300x272.png 300w, https:\/\/venustas.ch\/wordpress\/wp-content\/uploads\/2023\/05\/IMG_5922-768x696.png 768w, https:\/\/venustas.ch\/wordpress\/wp-content\/uploads\/2023\/05\/IMG_5922-1536x1392.png 1536w, https:\/\/venustas.ch\/wordpress\/wp-content\/uploads\/2023\/05\/IMG_5922-2048x1856.png 2048w\" sizes=\"auto, (max-width: 1024px) 100vw, 1024px\" \/><\/figure>\n\n\n\n<figure class=\"wp-block-image size-large\"><img loading=\"lazy\" decoding=\"async\" width=\"793\" height=\"1024\" data-id=\"46\" src=\"https:\/\/venustas.ch\/wordpress\/wp-content\/uploads\/2023\/05\/IMG_4630-793x1024.jpeg\" alt=\"\" class=\"wp-image-46\" srcset=\"https:\/\/venustas.ch\/wordpress\/wp-content\/uploads\/2023\/05\/IMG_4630-793x1024.jpeg 793w, https:\/\/venustas.ch\/wordpress\/wp-content\/uploads\/2023\/05\/IMG_4630-232x300.jpeg 232w, https:\/\/venustas.ch\/wordpress\/wp-content\/uploads\/2023\/05\/IMG_4630-768x992.jpeg 768w, https:\/\/venustas.ch\/wordpress\/wp-content\/uploads\/2023\/05\/IMG_4630-1189x1536.jpeg 1189w, https:\/\/venustas.ch\/wordpress\/wp-content\/uploads\/2023\/05\/IMG_4630-1585x2048.jpeg 1585w, https:\/\/venustas.ch\/wordpress\/wp-content\/uploads\/2023\/05\/IMG_4630-scaled.jpeg 1982w\" sizes=\"auto, (max-width: 793px) 100vw, 793px\" \/><\/figure>\n\n\n\n<figure class=\"wp-block-image size-large\"><img loading=\"lazy\" decoding=\"async\" width=\"340\" height=\"503\" data-id=\"126\" src=\"https:\/\/venustas.ch\/wordpress\/wp-content\/uploads\/2023\/05\/IMG_1010-2022_11_15-21_26_21-UTC.jpeg\" alt=\"\" class=\"wp-image-126\" srcset=\"https:\/\/venustas.ch\/wordpress\/wp-content\/uploads\/2023\/05\/IMG_1010-2022_11_15-21_26_21-UTC.jpeg 340w, https:\/\/venustas.ch\/wordpress\/wp-content\/uploads\/2023\/05\/IMG_1010-2022_11_15-21_26_21-UTC-203x300.jpeg 203w\" sizes=\"auto, (max-width: 340px) 100vw, 340px\" \/><\/figure>\n\n\n\n<figure class=\"wp-block-image size-large\"><img loading=\"lazy\" decoding=\"async\" width=\"1024\" height=\"768\" data-id=\"195\" src=\"https:\/\/venustas.ch\/wordpress\/wp-content\/uploads\/2024\/01\/IMG_5914-1024x768.jpeg\" alt=\"\" class=\"wp-image-195\" srcset=\"https:\/\/venustas.ch\/wordpress\/wp-content\/uploads\/2024\/01\/IMG_5914-1024x768.jpeg 1024w, https:\/\/venustas.ch\/wordpress\/wp-content\/uploads\/2024\/01\/IMG_5914-300x225.jpeg 300w, https:\/\/venustas.ch\/wordpress\/wp-content\/uploads\/2024\/01\/IMG_5914-768x576.jpeg 768w, https:\/\/venustas.ch\/wordpress\/wp-content\/uploads\/2024\/01\/IMG_5914-1536x1152.jpeg 1536w, https:\/\/venustas.ch\/wordpress\/wp-content\/uploads\/2024\/01\/IMG_5914.jpeg 2048w\" sizes=\"auto, (max-width: 1024px) 100vw, 1024px\" \/><\/figure>\n<\/figure>\n\n\n\n<p><\/p>\n","protected":false},"excerpt":{"rendered":"<p>Unsere Kosmetische Fusspflege sorgt nicht nur f\u00fcr sch\u00f6ne N\u00e4gel, sonder auch f\u00fcr gesunde und gepflegte F\u00fcsse, was das allgemeine Wohlbefinden in den Schuhen oder Barfuss steigert. Mit hochwertigen Pflegeprodukten gew\u00e4hrleisten wir nicht nur ein \u00e4sthetisch ansprechendes Ergebnis, sonder auch lang anhaltende Pflege f\u00fcr Ihre F\u00fcsse. Ob elegantes Design oder klassische Pedik\u00fcre &#8211; wir bieten ein [&hellip;]<\/p>\n","protected":false},"author":1,"featured_media":0,"parent":0,"menu_order":0,"comment_status":"closed","ping_status":"closed","template":"","meta":{"footnotes":""},"class_list":["post-44","page","type-page","status-publish","hentry"],"_links":{"self":[{"href":"https:\/\/venustas.ch\/wordpress\/wp-json\/wp\/v2\/pages\/44","targetHints":{"allow":["GET"]}}],"collection":[{"href":"https:\/\/venustas.ch\/wordpress\/wp-json\/wp\/v2\/pages"}],"about":[{"href":"https:\/\/venustas.ch\/wordpress\/wp-json\/wp\/v2\/types\/page"}],"author":[{"embeddable":true,"href":"https:\/\/venustas.ch\/wordpress\/wp-json\/wp\/v2\/users\/1"}],"replies":[{"embeddable":true,"href":"https:\/\/venustas.ch\/wordpress\/wp-json\/wp\/v2\/comments?post=44"}],"version-history":[{"count":5,"href":"https:\/\/venustas.ch\/wordpress\/wp-json\/wp\/v2\/pages\/44\/revisions"}],"predecessor-version":[{"id":451,"href":"https:\/\/venustas.ch\/wordpress\/wp-json\/wp\/v2\/pages\/44\/revisions\/451"}],"wp:attachment":[{"href":"https:\/\/venustas.ch\/wordpress\/wp-json\/wp\/v2\/media?parent=44"}],"curies":[{"name":"wp","href":"https:\/\/api.w.org\/{rel}","templated":true}]}}