{"id":388,"date":"2025-08-06T15:11:14","date_gmt":"2025-08-06T15:11:14","guid":{"rendered":"https:\/\/venustas.ch\/wordpress\/?page_id=388"},"modified":"2026-02-25T06:53:38","modified_gmt":"2026-02-25T06:53:38","slug":"fruchtsaeurepeeling","status":"publish","type":"page","link":"https:\/\/venustas.ch\/wordpress\/fruchtsaeurepeeling\/","title":{"rendered":"Fruchts\u00e4urepeeling"},"content":{"rendered":"\n<p>Erfrischen Sie Ihre Haut mit unserer Fruchts\u00e4urebehandlung. Diese Methode entfernt abgestorbene Hautzellen und f\u00f6rdert einen strahlenden Teint. Ideal f\u00fcr alle Hauttypen und nur w\u00e4hrend der dunklen Jahreszeit erh\u00e4ltlich.<\/p>\n\n\n\n<div class=\"wp-block-buttons is-layout-flex wp-block-buttons-is-layout-flex\">\n<div class=\"wp-block-button\"><a class=\"wp-block-button__link wp-element-button\" href=\"https:\/\/buchung.treatwell.ch\/ort\/venustas-beauty-gmbh\/\">Termin Buchen<\/a><\/div>\n<\/div>\n\n\n\n<div class=\"wp-block-create-block-askaccordionfaq\"><div class=\"ask\"><div class=\"ask-accordion\"><div class=\"ask__container\"><div class=\"ask__accordion__wrapper\">\n<div class=\"wp-block-create-block-accordionquestion ask__single__accordion\"><div class=\"ask__accordion ask-faq\"><span class=\"title\"><strong>Was ist ein Fruchts\u00e4urepeeling?<\/strong><\/span><div><span class=\"ask__closed__icon\"><svg width=\"15\" height=\"15\" xmlns=\"http:\/\/www.w3.org\/2000\/svg\" viewBox=\"0 0 512 512\"><path d=\"M233.4 406.6c12.5 12.5 32.8 12.5 45.3 0l192-192c12.5-12.5 12.5-32.8 0-45.3s-32.8-12.5-45.3 0L256 338.7 86.6 169.4c-12.5-12.5-32.8-12.5-45.3 0s-12.5 32.8 0 45.3l192 192z\"><\/path><\/svg><\/span><span class=\"ask__open__icon\"><svg width=\"15\" height=\"15\" xmlns=\"http:\/\/www.w3.org\/2000\/svg\" viewBox=\"0 0 512 512\"><path d=\"M233.4 105.4c12.5-12.5 32.8-12.5 45.3 0l192 192c12.5 12.5 12.5 32.8 0 45.3s-32.8 12.5-45.3 0L256 173.3 86.6 342.6c-12.5 12.5-32.8 12.5-45.3 0s-12.5-32.8 0-45.3l192-192z\"><\/path><\/svg><\/span><\/div><\/div><div class=\"ask__accordion__panel\"><p>Ein Fruchts\u00e4urepeeling, ist ein chemisches Peeling, das die Haut dabei unterst\u00fctzt, abgestorbene Hautzellen abzutragen. Es hilft, die Haut zu erneuern und ein feineres, ebenm\u00e4\u00dfigeres Hautbild zu erzielen<\/p><\/div><\/div>\n\n\n\n<div class=\"wp-block-create-block-accordionquestion ask__single__accordion\"><div class=\"ask__accordion ask-faq\"><span class=\"title\"><strong>Welche Vorteile bietet ein Fruchts\u00e4urepeeling?<\/strong><\/span><div><span class=\"ask__closed__icon\"><svg width=\"15\" height=\"15\" xmlns=\"http:\/\/www.w3.org\/2000\/svg\" viewBox=\"0 0 512 512\"><path d=\"M233.4 406.6c12.5 12.5 32.8 12.5 45.3 0l192-192c12.5-12.5 12.5-32.8 0-45.3s-32.8-12.5-45.3 0L256 338.7 86.6 169.4c-12.5-12.5-32.8-12.5-45.3 0s-12.5 32.8 0 45.3l192 192z\"><\/path><\/svg><\/span><span class=\"ask__open__icon\"><svg width=\"15\" height=\"15\" xmlns=\"http:\/\/www.w3.org\/2000\/svg\" viewBox=\"0 0 512 512\"><path d=\"M233.4 105.4c12.5-12.5 32.8-12.5 45.3 0l192 192c12.5 12.5 12.5 32.8 0 45.3s-32.8 12.5-45.3 0L256 173.3 86.6 342.6c-12.5 12.5-32.8 12.5-45.3 0s-12.5-32.8 0-45.3l192-192z\"><\/path><\/svg><\/span><\/div><\/div><div class=\"ask__accordion__panel\"><p>Die Fruchts\u00e4ure dringt in die Hornschicht der Haut ein und l\u00f6st die abgestorbenen Hornsch\u00fcppchen, mildert Pickel, Akne und unreine Haut, reduziert den pH-Wert und Fettgehalt der Haut und bringt ein frisches Hautbild zum Vorschein<\/p><\/div><\/div>\n\n\n\n<div class=\"wp-block-create-block-accordionquestion ask__single__accordion\"><div class=\"ask__accordion ask-faq\"><span class=\"title\"><strong>Gibt es Nebenwirkungen beim Fruchts\u00e4urepeelings?<\/strong><\/span><div><span class=\"ask__closed__icon\"><svg width=\"15\" height=\"15\" xmlns=\"http:\/\/www.w3.org\/2000\/svg\" viewBox=\"0 0 512 512\"><path d=\"M233.4 406.6c12.5 12.5 32.8 12.5 45.3 0l192-192c12.5-12.5 12.5-32.8 0-45.3s-32.8-12.5-45.3 0L256 338.7 86.6 169.4c-12.5-12.5-32.8-12.5-45.3 0s-12.5 32.8 0 45.3l192 192z\"><\/path><\/svg><\/span><span class=\"ask__open__icon\"><svg width=\"15\" height=\"15\" xmlns=\"http:\/\/www.w3.org\/2000\/svg\" viewBox=\"0 0 512 512\"><path d=\"M233.4 105.4c12.5-12.5 32.8-12.5 45.3 0l192 192c12.5 12.5 12.5 32.8 0 45.3s-32.8 12.5-45.3 0L256 173.3 86.6 342.6c-12.5 12.5-32.8 12.5-45.3 0s-12.5-32.8 0-45.3l192-192z\"><\/path><\/svg><\/span><\/div><\/div><div class=\"ask__accordion__panel\"><p>Es kann zu leichten R\u00f6tungen, einem Kribbeln oder Brennen auf der Haut kommen. Diese Nebenwirkungen sind in der Regel vor\u00fcbergehend und verschwinden nach kurzer Zeit<\/p><\/div><\/div>\n<\/div><\/div><\/div><\/div><\/div>\n\n\n\n<p><\/p>\n","protected":false},"excerpt":{"rendered":"<p>Erfrischen Sie Ihre Haut mit unserer Fruchts\u00e4urebehandlung. Diese Methode entfernt abgestorbene Hautzellen und f\u00f6rdert einen strahlenden Teint. Ideal f\u00fcr alle Hauttypen und nur w\u00e4hrend der dunklen Jahreszeit erh\u00e4ltlich.<\/p>\n","protected":false},"author":1,"featured_media":0,"parent":0,"menu_order":0,"comment_status":"closed","ping_status":"closed","template":"","meta":{"footnotes":""},"class_list":["post-388","page","type-page","status-publish","hentry"],"_links":{"self":[{"href":"https:\/\/venustas.ch\/wordpress\/wp-json\/wp\/v2\/pages\/388","targetHints":{"allow":["GET"]}}],"collection":[{"href":"https:\/\/venustas.ch\/wordpress\/wp-json\/wp\/v2\/pages"}],"about":[{"href":"https:\/\/venustas.ch\/wordpress\/wp-json\/wp\/v2\/types\/page"}],"author":[{"embeddable":true,"href":"https:\/\/venustas.ch\/wordpress\/wp-json\/wp\/v2\/users\/1"}],"replies":[{"embeddable":true,"href":"https:\/\/venustas.ch\/wordpress\/wp-json\/wp\/v2\/comments?post=388"}],"version-history":[{"count":2,"href":"https:\/\/venustas.ch\/wordpress\/wp-json\/wp\/v2\/pages\/388\/revisions"}],"predecessor-version":[{"id":450,"href":"https:\/\/venustas.ch\/wordpress\/wp-json\/wp\/v2\/pages\/388\/revisions\/450"}],"wp:attachment":[{"href":"https:\/\/venustas.ch\/wordpress\/wp-json\/wp\/v2\/media?parent=388"}],"curies":[{"name":"wp","href":"https:\/\/api.w.org\/{rel}","templated":true}]}}