{"id":384,"date":"2025-08-06T15:11:34","date_gmt":"2025-08-06T15:11:34","guid":{"rendered":"https:\/\/venustas.ch\/wordpress\/?page_id=384"},"modified":"2026-02-25T06:55:43","modified_gmt":"2026-02-25T06:55:43","slug":"ultraschall","status":"publish","type":"page","link":"https:\/\/venustas.ch\/wordpress\/ultraschall\/","title":{"rendered":"Ultraschall"},"content":{"rendered":"\n<div class=\"wp-block-group is-nowrap is-layout-flex wp-container-core-group-is-layout-ad2f72ca wp-block-group-is-layout-flex\">\n<h2 class=\"wp-block-heading\"><\/h2>\n\n\n\n<div style=\"height:100px;width:0px\" aria-hidden=\"true\" class=\"wp-block-spacer wp-container-content-6388d5dc\"><\/div>\n<\/div>\n\n\n\n<p>Strafft die Haut, reduziert F\u00e4ltchen und verbessert die Durchblutung. Sie ist besonders geeignet f\u00fcr reife, m\u00fcde, trockene, zu Akne neigende, empfindliche Haut oder Couperose und sorgt f\u00fcr ein frisches, jugendliches Aussehen.&nbsp;Es macht die Haut aufnahmef\u00e4higer f\u00fcr die Wirkung von Pflegeprodukte. Die Behandlung ist sanft und angenehm, ohne Ausfallzeit.<\/p>\n\n\n\n<div class=\"wp-block-buttons is-layout-flex wp-block-buttons-is-layout-flex\">\n<div class=\"wp-block-button\"><a class=\"wp-block-button__link wp-element-button\" href=\"https:\/\/buchung.treatwell.ch\/ort\/venustas-beauty-gmbh\/\">Termin Buchen<\/a><\/div>\n<\/div>\n\n\n\n<div class=\"wp-block-create-block-askaccordionfaq\"><div class=\"ask\"><div class=\"ask-accordion\"><div class=\"ask__container\"><div class=\"ask__accordion__wrapper\">\n<div class=\"wp-block-create-block-accordionquestion ask__single__accordion\"><div class=\"ask__accordion ask-faq\"><span class=\"title\"><strong>Wie funktioniert eine Ultraschallbehandlung?<\/strong><\/span><div><span class=\"ask__closed__icon\"><svg width=\"15\" height=\"15\" xmlns=\"http:\/\/www.w3.org\/2000\/svg\" viewBox=\"0 0 512 512\"><path d=\"M233.4 406.6c12.5 12.5 32.8 12.5 45.3 0l192-192c12.5-12.5 12.5-32.8 0-45.3s-32.8-12.5-45.3 0L256 338.7 86.6 169.4c-12.5-12.5-32.8-12.5-45.3 0s-12.5 32.8 0 45.3l192 192z\"><\/path><\/svg><\/span><span class=\"ask__open__icon\"><svg width=\"15\" height=\"15\" xmlns=\"http:\/\/www.w3.org\/2000\/svg\" viewBox=\"0 0 512 512\"><path d=\"M233.4 105.4c12.5-12.5 32.8-12.5 45.3 0l192 192c12.5 12.5 12.5 32.8 0 45.3s-32.8 12.5-45.3 0L256 173.3 86.6 342.6c-12.5 12.5-32.8 12.5-45.3 0s-12.5-32.8 0-45.3l192-192z\"><\/path><\/svg><\/span><\/div><\/div><div class=\"ask__accordion__panel\"><p>Es werden Ultraschallwellen auf die Haut \u00fcbertragen, die das Gewebe in Schwingung versetzen und W\u00e4rme erzeugen. Diese thermischen Effekte f\u00f6rdern die Durchblutung und den Stoffwechsel der Haut, was zu einer verbesserten Regeneration und Straffung f\u00fchrt<\/p><\/div><\/div>\n\n\n\n<div class=\"wp-block-create-block-accordionquestion ask__single__accordion\"><div class=\"ask__accordion ask-faq\"><span class=\"title\"><strong>Welche Vorteile bietet eine Ultraschallbehandlung?<\/strong><\/span><div><span class=\"ask__closed__icon\"><svg width=\"15\" height=\"15\" xmlns=\"http:\/\/www.w3.org\/2000\/svg\" viewBox=\"0 0 512 512\"><path d=\"M233.4 406.6c12.5 12.5 32.8 12.5 45.3 0l192-192c12.5-12.5 12.5-32.8 0-45.3s-32.8-12.5-45.3 0L256 338.7 86.6 169.4c-12.5-12.5-32.8-12.5-45.3 0s-12.5 32.8 0 45.3l192 192z\"><\/path><\/svg><\/span><span class=\"ask__open__icon\"><svg width=\"15\" height=\"15\" xmlns=\"http:\/\/www.w3.org\/2000\/svg\" viewBox=\"0 0 512 512\"><path d=\"M233.4 105.4c12.5-12.5 32.8-12.5 45.3 0l192 192c12.5 12.5 12.5 32.8 0 45.3s-32.8 12.5-45.3 0L256 173.3 86.6 342.6c-12.5 12.5-32.8 12.5-45.3 0s-12.5-32.8 0-45.3l192-192z\"><\/path><\/svg><\/span><\/div><\/div><div class=\"ask__accordion__panel\"><p>Die Behandlung kann die Haut straffen, Falten reduzieren. Sie ist nicht-invasiv und schmerzfrei, was sie zu einer beliebten Wahl macht<\/p><\/div><\/div>\n\n\n\n<div class=\"wp-block-create-block-accordionquestion ask__single__accordion\"><div class=\"ask__accordion ask-faq\"><span class=\"title\"><strong>Wie oft sollte ich eine Ultraschallbehandlung durchf\u00fchren?<\/strong><\/span><div><span class=\"ask__closed__icon\"><svg width=\"15\" height=\"15\" xmlns=\"http:\/\/www.w3.org\/2000\/svg\" viewBox=\"0 0 512 512\"><path d=\"M233.4 406.6c12.5 12.5 32.8 12.5 45.3 0l192-192c12.5-12.5 12.5-32.8 0-45.3s-32.8-12.5-45.3 0L256 338.7 86.6 169.4c-12.5-12.5-32.8-12.5-45.3 0s-12.5 32.8 0 45.3l192 192z\"><\/path><\/svg><\/span><span class=\"ask__open__icon\"><svg width=\"15\" height=\"15\" xmlns=\"http:\/\/www.w3.org\/2000\/svg\" viewBox=\"0 0 512 512\"><path d=\"M233.4 105.4c12.5-12.5 32.8-12.5 45.3 0l192 192c12.5 12.5 12.5 32.8 0 45.3s-32.8 12.5-45.3 0L256 173.3 86.6 342.6c-12.5 12.5-32.8 12.5-45.3 0s-12.5-32.8 0-45.3l192-192z\"><\/path><\/svg><\/span><\/div><\/div><div class=\"ask__accordion__panel\"><p>Die H\u00e4ufigkeit der Behandlungen h\u00e4ngt von den individuellen Hautbed\u00fcrfnissen und den gew\u00fcnschten Ergebnissen ab. In der Regel wird empfohlen, die Behandlung alle zwei bis vier Wochen durchzuf\u00fchren, um optimale Ergebnisse zu erzielen und erhalten.<\/p><\/div><\/div>\n<\/div><\/div><\/div><\/div><\/div>\n\n\n\n<div style=\"height:100px\" aria-hidden=\"true\" class=\"wp-block-spacer\"><\/div>\n","protected":false},"excerpt":{"rendered":"<p>Strafft die Haut, reduziert F\u00e4ltchen und verbessert die Durchblutung. Sie ist besonders geeignet f\u00fcr reife, m\u00fcde, trockene, zu Akne neigende, empfindliche Haut oder Couperose und sorgt f\u00fcr ein frisches, jugendliches Aussehen.&nbsp;Es macht die Haut aufnahmef\u00e4higer f\u00fcr die Wirkung von Pflegeprodukte. Die Behandlung ist sanft und angenehm, ohne Ausfallzeit.<\/p>\n","protected":false},"author":1,"featured_media":0,"parent":0,"menu_order":0,"comment_status":"closed","ping_status":"closed","template":"","meta":{"footnotes":""},"class_list":["post-384","page","type-page","status-publish","hentry"],"_links":{"self":[{"href":"https:\/\/venustas.ch\/wordpress\/wp-json\/wp\/v2\/pages\/384","targetHints":{"allow":["GET"]}}],"collection":[{"href":"https:\/\/venustas.ch\/wordpress\/wp-json\/wp\/v2\/pages"}],"about":[{"href":"https:\/\/venustas.ch\/wordpress\/wp-json\/wp\/v2\/types\/page"}],"author":[{"embeddable":true,"href":"https:\/\/venustas.ch\/wordpress\/wp-json\/wp\/v2\/users\/1"}],"replies":[{"embeddable":true,"href":"https:\/\/venustas.ch\/wordpress\/wp-json\/wp\/v2\/comments?post=384"}],"version-history":[{"count":2,"href":"https:\/\/venustas.ch\/wordpress\/wp-json\/wp\/v2\/pages\/384\/revisions"}],"predecessor-version":[{"id":455,"href":"https:\/\/venustas.ch\/wordpress\/wp-json\/wp\/v2\/pages\/384\/revisions\/455"}],"wp:attachment":[{"href":"https:\/\/venustas.ch\/wordpress\/wp-json\/wp\/v2\/media?parent=384"}],"curies":[{"name":"wp","href":"https:\/\/api.w.org\/{rel}","templated":true}]}}