{"id":377,"date":"2025-08-06T15:07:08","date_gmt":"2025-08-06T15:07:08","guid":{"rendered":"https:\/\/venustas.ch\/wordpress\/?page_id=377"},"modified":"2026-02-25T06:53:19","modified_gmt":"2026-02-25T06:53:19","slug":"dermaneedling","status":"publish","type":"page","link":"https:\/\/venustas.ch\/wordpress\/dermaneedling\/","title":{"rendered":"Dermaneedling"},"content":{"rendered":"\n<p>Auch bekannt als Microneedling ist eine Behandlung bei der feine Nadeln die Haut Mikroverletzen, dabei wird der Haut ein Signal gesendet, dass sie repariert werden muss, welche mehrere Vorteile bieten. Dies stimuliert die nat\u00fcrliche Kollagenproduktion, f\u00f6rdert die Zellerneuerung und verbessert die Hauttextur. Der Effekt umfasst straffere, jugendlichere Haut, Reduzierung von Falten, Narben und Unebenheiten, wobei ein glatteres Hautbild erreicht wird. Zudem macht es die Haut aufnahmef\u00e4higer f\u00fcr die Wirkung von Pflegeprodukte zuhause um einen gesunden und strahlenden Teint zu erreichen.<\/p>\n\n\n\n<div class=\"wp-block-buttons is-layout-flex wp-block-buttons-is-layout-flex\">\n<div class=\"wp-block-button\"><a class=\"wp-block-button__link wp-element-button\" href=\"https:\/\/buchung.treatwell.ch\/ort\/venustas-beauty-gmbh\/\">Termin Buchen<\/a><\/div>\n<\/div>\n\n\n\n<div class=\"wp-block-create-block-askaccordionfaq\"><div class=\"ask\"><div class=\"ask-accordion\"><div class=\"ask__container\"><div class=\"ask__accordion__wrapper\">\n<div class=\"wp-block-create-block-accordionquestion ask__single__accordion\"><div class=\"ask__accordion ask-faq\"><span class=\"title\"><strong>Welche Vorteile bietet Dermaneedling?<\/strong><\/span><div><span class=\"ask__closed__icon\"><svg width=\"15\" height=\"15\" xmlns=\"http:\/\/www.w3.org\/2000\/svg\" viewBox=\"0 0 512 512\"><path d=\"M233.4 406.6c12.5 12.5 32.8 12.5 45.3 0l192-192c12.5-12.5 12.5-32.8 0-45.3s-32.8-12.5-45.3 0L256 338.7 86.6 169.4c-12.5-12.5-32.8-12.5-45.3 0s-12.5 32.8 0 45.3l192 192z\"><\/path><\/svg><\/span><span class=\"ask__open__icon\"><svg width=\"15\" height=\"15\" xmlns=\"http:\/\/www.w3.org\/2000\/svg\" viewBox=\"0 0 512 512\"><path d=\"M233.4 105.4c12.5-12.5 32.8-12.5 45.3 0l192 192c12.5 12.5 12.5 32.8 0 45.3s-32.8 12.5-45.3 0L256 173.3 86.6 342.6c-12.5 12.5-32.8 12.5-45.3 0s-12.5-32.8 0-45.3l192-192z\"><\/path><\/svg><\/span><\/div><\/div><div class=\"ask__accordion__panel\"><p>Dermaneedling kann helfen, das Hautbild zu verbessern, Falten zu reduzieren, Narben (insbesondere Aknenarben) zu behandeln, Dehnungsstreifen zu minimieren und die Hautstruktur zu verfeinern. Es kann auch die Aufnahme von Hautpflegeprodukten verbessern.<\/p><\/div><\/div>\n\n\n\n<div class=\"wp-block-create-block-accordionquestion ask__single__accordion\"><div class=\"ask__accordion ask-faq\"><span class=\"title\"><strong>Gibt es Nebenwirkungen bei Dermaneedling?<\/strong><\/span><div><span class=\"ask__closed__icon\"><svg width=\"15\" height=\"15\" xmlns=\"http:\/\/www.w3.org\/2000\/svg\" viewBox=\"0 0 512 512\"><path d=\"M233.4 406.6c12.5 12.5 32.8 12.5 45.3 0l192-192c12.5-12.5 12.5-32.8 0-45.3s-32.8-12.5-45.3 0L256 338.7 86.6 169.4c-12.5-12.5-32.8-12.5-45.3 0s-12.5 32.8 0 45.3l192 192z\"><\/path><\/svg><\/span><span class=\"ask__open__icon\"><svg width=\"15\" height=\"15\" xmlns=\"http:\/\/www.w3.org\/2000\/svg\" viewBox=\"0 0 512 512\"><path d=\"M233.4 105.4c12.5-12.5 32.8-12.5 45.3 0l192 192c12.5 12.5 12.5 32.8 0 45.3s-32.8 12.5-45.3 0L256 173.3 86.6 342.6c-12.5 12.5-32.8 12.5-45.3 0s-12.5-32.8 0-45.3l192-192z\"><\/path><\/svg><\/span><\/div><\/div><div class=\"ask__accordion__panel\"><p>In der Regel sind die Nebenwirkungen minimal und umfassen leichte R\u00f6tungen und ein W\u00e4rmegef\u00fchl auf der Haut, die normalerweise schnell abklingen.<\/p><\/div><\/div>\n\n\n\n<div class=\"wp-block-create-block-accordionquestion ask__single__accordion\"><div class=\"ask__accordion ask-faq\"><span class=\"title\"><strong>Wie oft sollte ich eine Dermaneedling-Behandlung durchf\u00fchren?<\/strong><\/span><div><span class=\"ask__closed__icon\"><svg width=\"15\" height=\"15\" xmlns=\"http:\/\/www.w3.org\/2000\/svg\" viewBox=\"0 0 512 512\"><path d=\"M233.4 406.6c12.5 12.5 32.8 12.5 45.3 0l192-192c12.5-12.5 12.5-32.8 0-45.3s-32.8-12.5-45.3 0L256 338.7 86.6 169.4c-12.5-12.5-32.8-12.5-45.3 0s-12.5 32.8 0 45.3l192 192z\"><\/path><\/svg><\/span><span class=\"ask__open__icon\"><svg width=\"15\" height=\"15\" xmlns=\"http:\/\/www.w3.org\/2000\/svg\" viewBox=\"0 0 512 512\"><path d=\"M233.4 105.4c12.5-12.5 32.8-12.5 45.3 0l192 192c12.5 12.5 12.5 32.8 0 45.3s-32.8 12.5-45.3 0L256 173.3 86.6 342.6c-12.5 12.5-32.8 12.5-45.3 0s-12.5-32.8 0-45.3l192-192z\"><\/path><\/svg><\/span><\/div><\/div><div class=\"ask__accordion__panel\"><p>Die H\u00e4ufigkeit der Behandlungen h\u00e4ngt von den individuellen Hautbed\u00fcrfnissen und den gew\u00fcnschten Ergebnissen ab. In der Regel wird empfohlen, die Behandlung alle vier bis sechs Wochen durchzuf\u00fchren, um optimale Ergebnisse zu erzielen und erhalten<\/p><\/div><\/div>\n<\/div><\/div><\/div><\/div><\/div>\n","protected":false},"excerpt":{"rendered":"<p>Auch bekannt als Microneedling ist eine Behandlung bei der feine Nadeln die Haut Mikroverletzen, dabei wird der Haut ein Signal gesendet, dass sie repariert werden muss, welche mehrere Vorteile bieten. Dies stimuliert die nat\u00fcrliche Kollagenproduktion, f\u00f6rdert die Zellerneuerung und verbessert die Hauttextur. Der Effekt umfasst straffere, jugendlichere Haut, Reduzierung von Falten, Narben und Unebenheiten, wobei [&hellip;]<\/p>\n","protected":false},"author":1,"featured_media":0,"parent":0,"menu_order":0,"comment_status":"closed","ping_status":"closed","template":"","meta":{"footnotes":""},"class_list":["post-377","page","type-page","status-publish","hentry"],"_links":{"self":[{"href":"https:\/\/venustas.ch\/wordpress\/wp-json\/wp\/v2\/pages\/377","targetHints":{"allow":["GET"]}}],"collection":[{"href":"https:\/\/venustas.ch\/wordpress\/wp-json\/wp\/v2\/pages"}],"about":[{"href":"https:\/\/venustas.ch\/wordpress\/wp-json\/wp\/v2\/types\/page"}],"author":[{"embeddable":true,"href":"https:\/\/venustas.ch\/wordpress\/wp-json\/wp\/v2\/users\/1"}],"replies":[{"embeddable":true,"href":"https:\/\/venustas.ch\/wordpress\/wp-json\/wp\/v2\/comments?post=377"}],"version-history":[{"count":2,"href":"https:\/\/venustas.ch\/wordpress\/wp-json\/wp\/v2\/pages\/377\/revisions"}],"predecessor-version":[{"id":449,"href":"https:\/\/venustas.ch\/wordpress\/wp-json\/wp\/v2\/pages\/377\/revisions\/449"}],"wp:attachment":[{"href":"https:\/\/venustas.ch\/wordpress\/wp-json\/wp\/v2\/media?parent=377"}],"curies":[{"name":"wp","href":"https:\/\/api.w.org\/{rel}","templated":true}]}}