{"id":375,"date":"2025-08-06T15:06:19","date_gmt":"2025-08-06T15:06:19","guid":{"rendered":"https:\/\/venustas.ch\/wordpress\/?page_id=375"},"modified":"2026-02-25T06:51:24","modified_gmt":"2026-02-25T06:51:24","slug":"aqua-facial","status":"publish","type":"page","link":"https:\/\/venustas.ch\/wordpress\/aqua-facial\/","title":{"rendered":"Aqua Facial"},"content":{"rendered":"\n<p>Eine erfrischende Hautpflegebehandlung, die eine intensive Reinigung, Peeling, Hydratation und Abtragung abgestorbene Hautzellen kombiniert, um das Aussehen und die Gesundheit Ihrer Haut zu verbessern. Kann zur Behandlung von Akne, feine Linien, Falten und die allgemeine Hautstruktur verwendet werden. Es ist eine beliebte, schonende und effektive Behandlung die f\u00fcr jeden Hauttyp geeignet ist. F\u00fcr eine glattere, strahlendere Haut ohne Ausfallzeiten. Bitte beachten Sie, dass Sie vor dieser Behandlung 2 Wochen vor dem Termin <em>KEINE<\/em> aggressive Peelings, Wachs und s\u00e4urehaltige Produkte verwenden sollten.<\/p>\n\n\n\n<div class=\"wp-block-buttons is-layout-flex wp-block-buttons-is-layout-flex\">\n<div class=\"wp-block-button\"><a class=\"wp-block-button__link has-text-align-center wp-element-button\" href=\"https:\/\/buchung.treatwell.ch\/ort\/venustas-beauty-gmbh\/\">Termin Buchen<\/a><\/div>\n<\/div>\n\n\n\n<div class=\"wp-block-create-block-askaccordionfaq\"><div class=\"ask\"><div class=\"ask-accordion\"><div class=\"ask__container\"><div class=\"ask__accordion__wrapper\">\n<div class=\"wp-block-create-block-accordionquestion ask__single__accordion\"><div class=\"ask__accordion ask-faq\"><span class=\"title\"><strong>Wie funktioniert ein Aqua Facial?<\/strong><\/span><div><span class=\"ask__closed__icon\"><svg width=\"15\" height=\"15\" xmlns=\"http:\/\/www.w3.org\/2000\/svg\" viewBox=\"0 0 512 512\"><path d=\"M233.4 406.6c12.5 12.5 32.8 12.5 45.3 0l192-192c12.5-12.5 12.5-32.8 0-45.3s-32.8-12.5-45.3 0L256 338.7 86.6 169.4c-12.5-12.5-32.8-12.5-45.3 0s-12.5 32.8 0 45.3l192 192z\"><\/path><\/svg><\/span><span class=\"ask__open__icon\"><svg width=\"15\" height=\"15\" xmlns=\"http:\/\/www.w3.org\/2000\/svg\" viewBox=\"0 0 512 512\"><path d=\"M233.4 105.4c12.5-12.5 32.8-12.5 45.3 0l192 192c12.5 12.5 12.5 32.8 0 45.3s-32.8 12.5-45.3 0L256 173.3 86.6 342.6c-12.5 12.5-32.8 12.5-45.3 0s-12.5-32.8 0-45.3l192-192z\"><\/path><\/svg><\/span><\/div><\/div><div class=\"ask__accordion__panel\"><p>W\u00e4hrend der Behandlung wird die Haut gereinigt und gepeelt. Dabei wird die Haut porentief gereinigt und mit N\u00e4hrstoffen sowie Feuchtigkeit versorgt. Die Behandlung kombiniert sanfte Saugkraft und spezielle Seren, die individuell auf die Bed\u00fcrfnisse der Haut abgestimmt sind<\/p><\/div><\/div>\n\n\n\n<div class=\"wp-block-create-block-accordionquestion ask__single__accordion\"><div class=\"ask__accordion ask-faq\"><span class=\"title\"><strong>F\u00fcr welche Hauttypen ist ein Auqa Facial geeignet?<\/strong><\/span><div><span class=\"ask__closed__icon\"><svg width=\"15\" height=\"15\" xmlns=\"http:\/\/www.w3.org\/2000\/svg\" viewBox=\"0 0 512 512\"><path d=\"M233.4 406.6c12.5 12.5 32.8 12.5 45.3 0l192-192c12.5-12.5 12.5-32.8 0-45.3s-32.8-12.5-45.3 0L256 338.7 86.6 169.4c-12.5-12.5-32.8-12.5-45.3 0s-12.5 32.8 0 45.3l192 192z\"><\/path><\/svg><\/span><span class=\"ask__open__icon\"><svg width=\"15\" height=\"15\" xmlns=\"http:\/\/www.w3.org\/2000\/svg\" viewBox=\"0 0 512 512\"><path d=\"M233.4 105.4c12.5-12.5 32.8-12.5 45.3 0l192 192c12.5 12.5 12.5 32.8 0 45.3s-32.8 12.5-45.3 0L256 173.3 86.6 342.6c-12.5 12.5-32.8 12.5-45.3 0s-12.5-32.8 0-45.3l192-192z\"><\/path><\/svg><\/span><\/div><\/div><div class=\"ask__accordion__panel\"><p>Es ist f\u00fcr fast alle Hauttypen geeignet, einschliesslich empfindlicher, trockener, fettiger und Mischhaut. Es hilft bei Hautproblemen wie:<br>&#8211; Unreinheiten und Akne<br>&#8211; Verstopfte Poren<br>&#8211; Hyperpigmentation<br>&#8211; Feuchtigkeitsmangel<br>&#8211; Feinen Linien und F\u00e4ltchen<\/p><\/div><\/div>\n\n\n\n<div class=\"wp-block-create-block-accordionquestion ask__single__accordion\"><div class=\"ask__accordion ask-faq\"><span class=\"title\"><strong>Welche Ergebnisse kann ich vom Aqua Facial erwarten?<\/strong><\/span><div><span class=\"ask__closed__icon\"><svg width=\"15\" height=\"15\" xmlns=\"http:\/\/www.w3.org\/2000\/svg\" viewBox=\"0 0 512 512\"><path d=\"M233.4 406.6c12.5 12.5 32.8 12.5 45.3 0l192-192c12.5-12.5 12.5-32.8 0-45.3s-32.8-12.5-45.3 0L256 338.7 86.6 169.4c-12.5-12.5-32.8-12.5-45.3 0s-12.5 32.8 0 45.3l192 192z\"><\/path><\/svg><\/span><span class=\"ask__open__icon\"><svg width=\"15\" height=\"15\" xmlns=\"http:\/\/www.w3.org\/2000\/svg\" viewBox=\"0 0 512 512\"><path d=\"M233.4 105.4c12.5-12.5 32.8-12.5 45.3 0l192 192c12.5 12.5 12.5 32.8 0 45.3s-32.8 12.5-45.3 0L256 173.3 86.6 342.6c-12.5 12.5-32.8 12.5-45.3 0s-12.5-32.8 0-45.3l192-192z\"><\/path><\/svg><\/span><\/div><\/div><div class=\"ask__accordion__panel\"><p>Direkt nach der Behandlung wirkt die Haut glatter, strahlender und gut durchfeuchtet. Bei regelm\u00e4ssiger Anwendung k\u00f6nnen langfristig Verbesserungen bei Hautproblemen wie feinen Linien, ungleichm\u00e4ssiger Hauttextur oder Hyperpigmentierung erzielt werden. Die Poren erscheinen verfeinert und der Teint sieht gleichm\u00e4ssiger aus.<\/p><\/div><\/div>\n<\/div><\/div><\/div><\/div><\/div>\n\n\n\n<p><\/p>\n","protected":false},"excerpt":{"rendered":"<p>Eine erfrischende Hautpflegebehandlung, die eine intensive Reinigung, Peeling, Hydratation und Abtragung abgestorbene Hautzellen kombiniert, um das Aussehen und die Gesundheit Ihrer Haut zu verbessern. Kann zur Behandlung von Akne, feine Linien, Falten und die allgemeine Hautstruktur verwendet werden. Es ist eine beliebte, schonende und effektive Behandlung die f\u00fcr jeden Hauttyp geeignet ist. F\u00fcr eine glattere, [&hellip;]<\/p>\n","protected":false},"author":1,"featured_media":0,"parent":0,"menu_order":0,"comment_status":"closed","ping_status":"closed","template":"","meta":{"footnotes":""},"class_list":["post-375","page","type-page","status-publish","hentry"],"_links":{"self":[{"href":"https:\/\/venustas.ch\/wordpress\/wp-json\/wp\/v2\/pages\/375","targetHints":{"allow":["GET"]}}],"collection":[{"href":"https:\/\/venustas.ch\/wordpress\/wp-json\/wp\/v2\/pages"}],"about":[{"href":"https:\/\/venustas.ch\/wordpress\/wp-json\/wp\/v2\/types\/page"}],"author":[{"embeddable":true,"href":"https:\/\/venustas.ch\/wordpress\/wp-json\/wp\/v2\/users\/1"}],"replies":[{"embeddable":true,"href":"https:\/\/venustas.ch\/wordpress\/wp-json\/wp\/v2\/comments?post=375"}],"version-history":[{"count":2,"href":"https:\/\/venustas.ch\/wordpress\/wp-json\/wp\/v2\/pages\/375\/revisions"}],"predecessor-version":[{"id":448,"href":"https:\/\/venustas.ch\/wordpress\/wp-json\/wp\/v2\/pages\/375\/revisions\/448"}],"wp:attachment":[{"href":"https:\/\/venustas.ch\/wordpress\/wp-json\/wp\/v2\/media?parent=375"}],"curies":[{"name":"wp","href":"https:\/\/api.w.org\/{rel}","templated":true}]}}