{"id":362,"date":"2025-08-06T14:25:34","date_gmt":"2025-08-06T14:25:34","guid":{"rendered":"https:\/\/venustas.ch\/wordpress\/?page_id=362"},"modified":"2025-08-27T09:01:33","modified_gmt":"2025-08-27T09:01:33","slug":"wimpern-ausbildung","status":"publish","type":"page","link":"https:\/\/venustas.ch\/wordpress\/wimpern\/wimpern-ausbildung\/","title":{"rendered":"Wimpern Ausbildung"},"content":{"rendered":"\n<h2 class=\"wp-block-heading\">Basis-Ausbildung<\/h2>\n\n\n\n<p class=\"has-medium-font-size\">Werde Lash Artist mit Herz und Know-how! Als <strong>VIP Lashes<\/strong> Trainerin begleite ich dich pers\u00f6nlich und mit viel Leidenschaft auf deinem Weg in die Welt der Wimpernverl\u00e4ngerung.<\/p>\n\n\n\n<p class=\"has-medium-font-size\">In meinem eint\u00e4tigen Einzeltraining erlernst du die Kunst der Lashes-Welt von Grund auf. Du erh\u00e4lst ein fundiertes Wissen und praktische Fertigkeiten, die dir den erfolgreichen Einstieg erm\u00f6glichen. Individuell, intensiv und praxisnah.<\/p>\n\n\n\n<p class=\"has-medium-font-size\">Eine umfassende Betreuung vor, w\u00e4hrend und nach dem Kurs ist bei mir Standard!<br><br>Warte nicht l\u00e4nger, lege jetzt den Grundstein dazu eine erfolgreiche Lashartist\/in zu sein!<\/p>\n\n\n\n<div style=\"height:100px\" aria-hidden=\"true\" class=\"wp-block-spacer\"><\/div>\n\n\n\n<p class=\"has-medium-font-size\"><strong>Die Basis ist der Grundstein<\/strong><\/p>\n\n\n\n<p>Wir bieten Dir eine fundierte Ausbildung mit Zertifikat. Du lernst sowohl Theorie als auch Praxis als Einzelkurs, damit Du optimal vorbereitet bist.<\/p>\n\n\n\n<p><strong>Lerninhalt:<\/strong><\/p>\n\n\n\n<div class=\"wp-block-group is-nowrap is-layout-flex wp-container-core-group-is-layout-ad2f72ca wp-block-group-is-layout-flex\">\n<ul class=\"wp-block-list\">\n<li>Anatomie, Erkarankungen und -ver\u00e4nderungen<\/li>\n\n\n\n<li>Hygiene, Desinfekition \/ Sterilisazion<\/li>\n\n\n\n<li>Verl\u00e4ngerung von Naturwimpern<\/li>\n\n\n\n<li>Refill bzw. Auff\u00fcllen der rausgewachsene Wimpern <\/li>\n\n\n\n<li>Verschiedene Look Lashmapping\n<ul class=\"wp-block-list\">\n<li>Nat\u00fcrlicher Look<\/li>\n<\/ul>\n<\/li>\n\n\n\n<li>ansprechende Fotos f\u00fcr Werbung<\/li>\n\n\n\n<li>Marketing; Social Madia (Facebook, Instagram, Tik Tok)<\/li>\n\n\n\n<li>Preiskalkulation<\/li>\n\n\n\n<li>Selbstentwicklung und -vermarktung<\/li>\n<\/ul>\n\n\n\n<figure class=\"wp-block-image size-large is-resized\"><img loading=\"lazy\" decoding=\"async\" width=\"768\" height=\"1024\" src=\"https:\/\/venustas.ch\/wordpress\/wp-content\/uploads\/2025\/08\/IMG_6051-768x1024.jpeg\" alt=\"\" class=\"wp-image-365\" style=\"width:207px;height:auto\" srcset=\"https:\/\/venustas.ch\/wordpress\/wp-content\/uploads\/2025\/08\/IMG_6051-768x1024.jpeg 768w, https:\/\/venustas.ch\/wordpress\/wp-content\/uploads\/2025\/08\/IMG_6051-225x300.jpeg 225w, https:\/\/venustas.ch\/wordpress\/wp-content\/uploads\/2025\/08\/IMG_6051-1152x1536.jpeg 1152w, https:\/\/venustas.ch\/wordpress\/wp-content\/uploads\/2025\/08\/IMG_6051.jpeg 1536w\" sizes=\"auto, (max-width: 768px) 100vw, 768px\" \/><\/figure>\n\n\n\n<figure class=\"wp-block-image size-full is-resized\"><img loading=\"lazy\" decoding=\"async\" width=\"424\" height=\"393\" src=\"https:\/\/venustas.ch\/wordpress\/wp-content\/uploads\/2025\/08\/Schulung.jpg\" alt=\"\" class=\"wp-image-366\" style=\"width:298px;height:auto\" srcset=\"https:\/\/venustas.ch\/wordpress\/wp-content\/uploads\/2025\/08\/Schulung.jpg 424w, https:\/\/venustas.ch\/wordpress\/wp-content\/uploads\/2025\/08\/Schulung-300x278.jpg 300w\" sizes=\"auto, (max-width: 424px) 100vw, 424px\" \/><\/figure>\n<\/div>\n\n\n\n<p><strong>Voraussetzung: <\/strong>Keine &#8211; nur Deine Begeisterung und Leidenschaft z\u00e4hlt!<\/p>\n\n\n\n<p><strong>Dauer:<\/strong>\u00a01 Tag von 9.00 Uhr &#8211; 17.00 Uhr<\/p>\n\n\n\n<p><strong>Modellinformation: <\/strong>Am Nachmittag n\u00f6tig und werden durch die Teilnehmenden organisiert (Mindestalter 16+)<\/p>\n\n\n\n<p><strong>Kosten: <\/strong>900.- Fr exkl. Starter Set (344.- Fr.)<br>\u00a0\u00a0\u00a0\u00a0\u00a0\u00a0\u00a0\u00a0\u00a0\u00a0\u00a0\u00a0<\/p>\n\n\n\n<p><strong>Kurstermine:<\/strong> Auf Anfrage<\/p>\n\n\n\n<p>Anmeldungen oder weitere Infos gerne per E-Mail an info@venustas.ch<\/p>\n\n\n\n<figure class=\"wp-block-gallery has-nested-images columns-default is-cropped wp-block-gallery-1 is-layout-flex wp-block-gallery-is-layout-flex\">\n<figure class=\"wp-block-image size-large\"><img loading=\"lazy\" decoding=\"async\" width=\"681\" height=\"1024\" data-id=\"367\" src=\"https:\/\/venustas.ch\/wordpress\/wp-content\/uploads\/2025\/08\/A9265431-9068-45E8-9560-4D16896C8B1E-681x1024.jpeg\" alt=\"\" class=\"wp-image-367\" srcset=\"https:\/\/venustas.ch\/wordpress\/wp-content\/uploads\/2025\/08\/A9265431-9068-45E8-9560-4D16896C8B1E-681x1024.jpeg 681w, https:\/\/venustas.ch\/wordpress\/wp-content\/uploads\/2025\/08\/A9265431-9068-45E8-9560-4D16896C8B1E-199x300.jpeg 199w, https:\/\/venustas.ch\/wordpress\/wp-content\/uploads\/2025\/08\/A9265431-9068-45E8-9560-4D16896C8B1E-768x1155.jpeg 768w, https:\/\/venustas.ch\/wordpress\/wp-content\/uploads\/2025\/08\/A9265431-9068-45E8-9560-4D16896C8B1E-1021x1536.jpeg 1021w, https:\/\/venustas.ch\/wordpress\/wp-content\/uploads\/2025\/08\/A9265431-9068-45E8-9560-4D16896C8B1E-1361x2048.jpeg 1361w, https:\/\/venustas.ch\/wordpress\/wp-content\/uploads\/2025\/08\/A9265431-9068-45E8-9560-4D16896C8B1E-scaled.jpeg 1702w\" sizes=\"auto, (max-width: 681px) 100vw, 681px\" \/><figcaption class=\"wp-element-caption\">Zertifikat Basis Wimpern Ausbildung<\/figcaption><\/figure>\n\n\n\n<figure class=\"wp-block-image size-large\"><img loading=\"lazy\" decoding=\"async\" width=\"768\" height=\"1024\" data-id=\"368\" src=\"https:\/\/venustas.ch\/wordpress\/wp-content\/uploads\/2025\/08\/IMG_6049-768x1024.jpeg\" alt=\"\" class=\"wp-image-368\" srcset=\"https:\/\/venustas.ch\/wordpress\/wp-content\/uploads\/2025\/08\/IMG_6049-768x1024.jpeg 768w, https:\/\/venustas.ch\/wordpress\/wp-content\/uploads\/2025\/08\/IMG_6049-225x300.jpeg 225w, https:\/\/venustas.ch\/wordpress\/wp-content\/uploads\/2025\/08\/IMG_6049-1152x1536.jpeg 1152w, https:\/\/venustas.ch\/wordpress\/wp-content\/uploads\/2025\/08\/IMG_6049.jpeg 1536w\" sizes=\"auto, (max-width: 768px) 100vw, 768px\" \/><figcaption class=\"wp-element-caption\">Arbeiten am \u00dcbungskopf<\/figcaption><\/figure>\n<\/figure>\n","protected":false},"excerpt":{"rendered":"<p>Basis-Ausbildung Werde Lash Artist mit Herz und Know-how! Als VIP Lashes Trainerin begleite ich dich pers\u00f6nlich und mit viel Leidenschaft auf deinem Weg in die Welt der Wimpernverl\u00e4ngerung. In meinem eint\u00e4tigen Einzeltraining erlernst du die Kunst der Lashes-Welt von Grund auf. Du erh\u00e4lst ein fundiertes Wissen und praktische Fertigkeiten, die dir den erfolgreichen Einstieg erm\u00f6glichen. [&hellip;]<\/p>\n","protected":false},"author":1,"featured_media":0,"parent":53,"menu_order":0,"comment_status":"closed","ping_status":"closed","template":"","meta":{"footnotes":""},"class_list":["post-362","page","type-page","status-publish","hentry"],"_links":{"self":[{"href":"https:\/\/venustas.ch\/wordpress\/wp-json\/wp\/v2\/pages\/362","targetHints":{"allow":["GET"]}}],"collection":[{"href":"https:\/\/venustas.ch\/wordpress\/wp-json\/wp\/v2\/pages"}],"about":[{"href":"https:\/\/venustas.ch\/wordpress\/wp-json\/wp\/v2\/types\/page"}],"author":[{"embeddable":true,"href":"https:\/\/venustas.ch\/wordpress\/wp-json\/wp\/v2\/users\/1"}],"replies":[{"embeddable":true,"href":"https:\/\/venustas.ch\/wordpress\/wp-json\/wp\/v2\/comments?post=362"}],"version-history":[{"count":4,"href":"https:\/\/venustas.ch\/wordpress\/wp-json\/wp\/v2\/pages\/362\/revisions"}],"predecessor-version":[{"id":399,"href":"https:\/\/venustas.ch\/wordpress\/wp-json\/wp\/v2\/pages\/362\/revisions\/399"}],"up":[{"embeddable":true,"href":"https:\/\/venustas.ch\/wordpress\/wp-json\/wp\/v2\/pages\/53"}],"wp:attachment":[{"href":"https:\/\/venustas.ch\/wordpress\/wp-json\/wp\/v2\/media?parent=362"}],"curies":[{"name":"wp","href":"https:\/\/api.w.org\/{rel}","templated":true}]}}