{"id":3,"date":"2023-05-18T14:58:13","date_gmt":"2023-05-18T14:58:13","guid":{"rendered":"https:\/\/venustas.ch\/wordpress\/?page_id=3"},"modified":"2023-09-19T17:34:35","modified_gmt":"2023-09-19T17:34:35","slug":"privacy-policy","status":"publish","type":"page","link":"https:\/\/venustas.ch\/wordpress\/privacy-policy\/","title":{"rendered":"AGB"},"content":{"rendered":"\n<p><strong>1. Allgemeines\u00a0<\/strong><br>Diese Bedingungen betreffen alle Transaktionen, Vertr\u00e4ge und Angebote, wie die Dienstleistungen und den Verkauf von Produkten, die zwischen dem Studio und dem Kunden zustande kommen bzw. geschlossen werden. Ausnahmen von Transaktionen, die nicht unter die allgemeinen Gesch\u00e4ftsbedingungen fallen, bed\u00fcrfen der Mitteilung in schriftlicher Form.\u00a0<br><br><strong>2. Dienstleistung\u00a0<\/strong><br>Der Dienstleister (Venustas Beauty) f\u00fchrt seine Dienstleistung nach bestem Wissen und Gewissen und nach dem neuesten Standard der Industrie am Kunden aus. Sollten \u00c4nderungen der Standards auftreten, wird der Dienstleister dem Kunden noch vor Beginn der Leistung davon in Kenntnis setzen.\u00a0<br><br><strong>3. Terminvereinbarung\u00a0<\/strong><br>Termine werden vom Studio verbindlich vergeben. Sollte eine Absage bzw. ein Verschieben eines best\u00e4tigten Termins vonn\u00f6ten sein, sollte der Kunde dies rechtzeitig und sobald als m\u00f6glich, mindestens 2 Werktage vor dem Termin, mitteilen. Sollte der Termin nicht rechtzeitig oder nicht abgesagt werde, hat der Dienstleister das Recht, den Verdienstausfall dem Kunden in Rechnung zu stellen.\u00a0<br><br><strong>4. Preise\u00a0<\/strong><br>Die Preise f\u00fcr Dienstleistungen und Produkte sind im Studio zu ver\u00f6ffentlichen. Die ausgewiesenen Preise m\u00fcssen die gesetzliche Mehrwertsteuer enthalten. Preiserh\u00f6hungen m\u00fcssen mindestens 30 Tage vor Inkrafttreten bekannt gegeben werden. Angebote sind nur in dem ver\u00f6ffentlichen Zeitraum g\u00fcltig und gelten solange der Vorrat reicht. Der Kunde muss direkt am Anschluss der Behandlung, bzw. direkt beim Kauf f\u00fcr den Service, bzw. das Produkt bezahlen.\u00a0<br><br><strong>5. Personal\u00a0<\/strong><br>Jede Dienstleistung kann von einem im Studio angestellten und nach Ermessen der Gesch\u00e4ftsleitung eingesetzten\u00a0Mitarbeiter\/in durchgef\u00fchrt werden. Der Kunde darf bis zu einem Jahr nach Erhalt der Dienstleistung im Studio die gleiche Dienstleistung nicht von der im Studio angestellten\u00a0Mitarbeiter\/in ausserhalb der Gesch\u00e4ftsaktivit\u00e4ten des Studios in Anspruch nehmen, ausser der Mitarbeiter\/in, bzw. der Kunde erh\u00e4lt eine schriftliche Zustimmung der Gesch\u00e4ftsleitung.\u00a0<br><br><strong>6. Datenschutz<\/strong><br>Die nachfolgende Datenschutzerkl\u00e4rung gilt f\u00fcr die Nutzung unserer Website sowie der darauf angebotenen Dienstleistungen. Die vorliegende Datenschutzerkl\u00e4rung informiert Sie \u00fcber die Erhebung personenbezogener Daten w\u00e4hrend Ihres Besuchs auf dieser Website.<\/p>\n\n\n\n<p>Die Erhebung und die Verarbeitung Ihrer personenbezogenen Daten geschehen unter Beachtung der geltenden datenschutzrechtlichen Gesetze und Anforderungen. Grunds\u00e4tzlich bietet Venustas Beauty seine Dienstleistungen nur in der Schweiz an und richtet sich nur an in der Schweiz wohnhafte Personen.<\/p>\n\n\n\n<p><strong>Erfassung von allgemeinen Daten und Informationen<\/strong><br>Mit jedem Aufruf der Website werden eine Reihe von allgemeinen Daten und Informationen erfasst. Diese allgemeinen Daten und Informationen werden in den Logfiles des Servers gespeichert. Erfasst werden k\u00f6nnen (1) die verwendeten Browsertypen und Versionen, (2) das vom zugreifenden System verwendete Betriebssystem, (3) die Website, von welcher ein zugreifendes System auf unsere Website gelangt (sogenannte Referrer), (4) die Unterwebseiten, welche \u00fcber ein zugreifendes System auf unserer Website angesteuert werden, (5) das Datum und die Uhrzeit eines Zugriffs auf die Website, (6) eine Internet-Protokoll-Adresse (IP-Adresse), (7) der Internet-Service-Provider des zugreifenden Systems und (8) sonstige \u00e4hnliche Daten und Informationen, die der Gefahrenabwehr im Falle von Angriffen auf unsere IT-Infrastruktur dienen.<\/p>\n\n\n\n<p>Diese Daten und Informationen werden ben\u00f6tigt, um (1) die Inhalte unserer Website korrekt darzustellen, (2) die Inhalte unserer Website zu optimieren, (3) die dauerhafte Funktionsf\u00e4higkeit unserer IT-Infrastruktur und der Technik unserer Website zu gew\u00e4hrleisten sowie um (4) im Falle eines Cyberangriffes den Strafverfolgungsbeh\u00f6rden die notwendigen Informationen bereitzustellen.<\/p>\n\n\n\n<p>Weiter k\u00f6nnen wir diese Daten und Informationen einerseits statistisch und ferner mit dem Ziel auswerten, den Datenschutz und die Datensicherheit Ihrer IT-Infrastruktur zu erh\u00f6hen. Die erhobenen Daten und Informationen werden nur zu den eben erw\u00e4hnten Zwecken bearbeitet und werden anschliessend gel\u00f6scht.<\/p>\n\n\n\n<p><strong>Links anderer Webseiten<\/strong><br>Diese Website kann Links zu Webseiten anderer Anbieter enthalten. Wir haben keinen Einfluss auf diese Webseiten, deren Inhalte, Angebote oder Verf\u00fcgbarkeit oder die dort geltenden Datenschutzerkl\u00e4rungen und -bestimmungen. Es wird deshalb jegliche Haftung abgelehnt.<\/p>\n\n\n\n<p><strong>Cookies und weitere Serviceangebote<\/strong><br>Wir k\u00f6nnen auf unserer Website Cookies verwenden. Cookies enthalten eine sogenannte Cookie-ID, eine eindeutige Kennung des Cookies, welche Webseiten und Server einem konkreten Internetbrowser zuordnet. Ein bestimmter Internetbrowser kann \u00fcber diese eindeutige Cookie-ID wiedererkannt und identifiziert werden.<\/p>\n\n\n\n<p><strong>Social Media \/ Soziale Netzwerke<\/strong><br>Auf dieser Website k\u00f6nnen Schaltfl\u00e4chen (\u00abSocial-Media-Plugins\u00bb) platziert sein, die einen Kontakt mit den Servern von sozialen Netzwerken (Facebook, TikTok, Instagram etc.) herstellen. Mit dem Klick auf einen dieser Buttons werden notwendige Daten wie IP-Adresse, Besuch der Website u.a. an den jeweiligen Betreiber des sozialen Netzwerks \u00fcbermittelt.<\/p>\n\n\n\n<p><strong>Kommunikationsm\u00f6glichkeiten<\/strong><br>Unsere Website enth\u00e4lt gewisse Angaben, die eine schnelle elektronische Kontaktaufnahme sowie eine unmittelbare Kommunikation erm\u00f6glichen, was ebenfalls eine allgemeine E-Mail-Adresse umfasst. Nehmen Sie \u00fcber die auf unserer Website angebotenen Kommunikationsm\u00f6glichkeiten Kontakt mit uns auf, werden Ihre Kontaktangaben und Inhalte lediglich zur Bearbeitung und Beantwortung Ihrer Anfrage verwendet. Bitte beachten Sie: Es kann nicht sichergestellt werden, dass Ihre Daten vertraulich \u00fcbermittelt werden. Deshalb sollen bei dieser Kontaktaufnahme keine vertraulichen Daten \u00fcbermittelt werden.<\/p>\n\n\n\n<p><strong>Ihre Rechte<\/strong><br>Gest\u00fctzt auf das Datenschutzgesetz haben Sie verschiedene Rechte wie beispielsweise ein Auskunftsrecht. Zur Geltendmachung Ihrer Rechte setzen Sie sich bitte mit uns in Verbindung. Wir stehen Ihnen f\u00fcr weitere diesbez\u00fcgliche Informationen gerne zur Verf\u00fcgung.<\/p>\n\n\n\n<p><strong>\u00c4nderungen<\/strong><br>Wir k\u00f6nnen diese Datenschutzerkl\u00e4rung jederzeit ohne Vorank\u00fcndigung anpassen. Es gilt die jeweils aktuelle, auf unserer Website publizierte Fassung. <\/p>\n\n\n\n<p>\u00a0<br><strong>7. Vertraulichkeit\u00a0<\/strong><br>Das Studio, seine Angestellten und die Gesch\u00e4ftsleitung sind verpflichtet, alle Informationen, die w\u00e4hrend der Behandlung oder dem Service besprochen wurden, geheim zu halten und vertraulich zu behandeln. Informationen werden als vertraulich eingestuft, wenn der Kunde dies zum Ausdruck bringt, bzw. wenn dies aus dem Inhalt der Informationen zu folgern ist. Die Vertraulichkeit wird au\u00dfer Kraft gesetzt, wenn dies von Rechtswegen entschieden wird und das Studio von der Vertraulichkeitsklausel entbunden wird.\u00a0<br><br><strong>8. Haftung\u00a0<\/strong><br>Das Studio, seine Angestellten und die Gesch\u00e4ftsleitung k\u00f6nnen keine Haftung \u00fcbernehmen, wenn der Kunde durch eine Dienstleistung zu Schaden kommt, die auf\u00a0vom Kunden gelieferten Informationen beruht und sich diese als unzureichend\u00a0 herausstellen. Dies bezieht sich vor allen Dingen, aber nicht ausschlie\u00dflich, auf physische bedingungen, medizinische oder medikament\u00f6se Vorraussetzungen oder\u00a0Aktivit\u00e4ten au\u00dferhalb des Studios. Das Beatystudio ist nicht verantwortlich f\u00fcr den\u00a0 Verlust oder die Zerst\u00f6rung pers\u00f6nlichen Gegenst\u00e4nden und von Besitz des Kunden\u00a0die (der) mit in das Studio gebracht wurden.<br><br><strong>9. Garantie\u00a0<\/strong><br>Auf den vom Studio geleisteten Service und auf die verkauften Produkte erh\u00e4lt der Kunde eine Garantie von\u00a05 Tagen. Diese Garantie verf\u00e4llt wenn:\u00a0<br>\u25cf Der Kunde die\u00a0Modellage \/ Extension\u00a0von einem anderen Studio oder behandeln oder auff\u00fcllen\u00a0l\u00e4sst.\u00a0<br>\u25cf Der Kunde die Modellage \/ Extension unsachgem\u00e4s entfernt.\u00a0<br>\u25cf Der Kunde andere als die vom Studio oder Stylist empfohlenen\u00a0Produkte verwendet, um die Modellage \/ Extension zu pflegen.\u00a0<br>\u25cf Der Kunde den Hinweis in Notf\u00e4llen unverz\u00fcglich medizinische Hilfe in Anspruch\u00a0zu nehmen nicht nachkommt.\u00a0<br>\u25cf Der Kunde die Produkte nicht unter Einhaltung der Gebrauchshinweise anwendet.\u00a0<br><br><strong>10. Besch\u00e4digung und Diebstahl\u00a0<\/strong><br>Das Beautystudio hat das Recht f\u00fcr alle vom Kunden verursachten Sch\u00e4den eine Wiedergutmachung zu fordern. Ladendiebst\u00e4hle werden zur Anzeige gebracht. Venustas Beauty &amp; Naildesign haftet nicht bei Diebstahl.<br><br><strong>11. Beschwerden und Reklamationen\u00a0<\/strong><br>Sollte der Kunde eine Beschwerde oder eine Reklamation \u00fcber den Service, bzw. das gekauftem Produkt haben, so muss dies schnellstm\u00f6glich, sp\u00e4testens aber 5 Tage nach Erkennen des Reklamationsgrundes der Gesch\u00e4ftsleitung, bzw. dem\u00a0Mitarbeiter\/in gemeldet werden. Das Studio muss innerhalb der darauf folgenden 5 Arbeitstage eine akzeptable L\u00f6sung unterbreiten, um die Reklamation auszur\u00e4umen. Ist eine Reklamation berechtigt, muss das Studio die reklamierte Arbeit ohne zus\u00e4tzliche Zahlung erneut leisten, bzw. das reklamierte Produkt ersetzen. Sollte die Reklamation nicht zur Zufriedenheit des Kunden bereinigt werden, kann dies auch von einer Schiedsstelle oder Gericht entschieden werden.\u00a0<br><br><strong>12. Design<\/strong><br>Wenn ein Studio oder Designer Beispiele im Studio ver\u00f6ffentlicht, ist dies nur ein Beispiel. Selbst wenn das Design am Kunden nachgearbeitet wird, kann es zu Abweichungen bez\u00fcglich des Designs, der Form und der Wirkung des Designs kommen. Das Resultat kann von der gezeigten Vorlage abweichen. Das Urheberrecht f\u00fcr das Design verbleibt beim Studio, bzw. beim Designer. Sollte der Kunde vom erstellten Design Fotographien anfertigen lassen, die f\u00fcr kommerzielle Zwecke verwendet werden sollten, bedarf dies der schriftlichen Einverst\u00e4ndniserkl\u00e4rung durch das Studio, bzw. den Designer. Bei Unterlassen kann das Studio angemessene Anspr\u00fcche geltend machen.\u00a0<br><br><strong>13. Verhaltensweisen\u00a0<\/strong><br>Der Kunde verpflichtet sich w\u00e4hrend seines Besuchs im Studio eine angemessene Verhaltensweise an den Tag zu legen. Sollte der Kunde selbst nach einer Verwarnung weiterhin nicht angemessen verhalten, hat die Gesch\u00e4ftsleitung das Recht, den Kunden aus dem Studio zu verweisen und gegebenenfalls ein Hausverbot auszusprechen.\u00a0<br><br><strong>14. Gerichtsstand\u00a0<\/strong><br>F\u00fcr die gerichtliche Kl\u00e4rung von Unstimmigkeiten ist der Gerichtsstand der Ort des Studios Geltendes Recht ist Ortsans\u00e4ssigkeit zu bestimmen.<\/p>\n","protected":false},"excerpt":{"rendered":"<p>1. Allgemeines\u00a0Diese Bedingungen betreffen alle Transaktionen, Vertr\u00e4ge und Angebote, wie die Dienstleistungen und den Verkauf von Produkten, die zwischen dem Studio und dem Kunden zustande kommen bzw. geschlossen werden. Ausnahmen von Transaktionen, die nicht unter die allgemeinen Gesch\u00e4ftsbedingungen fallen, bed\u00fcrfen der Mitteilung in schriftlicher Form.\u00a0 2. Dienstleistung\u00a0Der Dienstleister (Venustas Beauty) f\u00fchrt seine Dienstleistung nach bestem [&hellip;]<\/p>\n","protected":false},"author":1,"featured_media":0,"parent":0,"menu_order":0,"comment_status":"closed","ping_status":"closed","template":"","meta":{"footnotes":""},"class_list":["post-3","page","type-page","status-publish","hentry"],"_links":{"self":[{"href":"https:\/\/venustas.ch\/wordpress\/wp-json\/wp\/v2\/pages\/3","targetHints":{"allow":["GET"]}}],"collection":[{"href":"https:\/\/venustas.ch\/wordpress\/wp-json\/wp\/v2\/pages"}],"about":[{"href":"https:\/\/venustas.ch\/wordpress\/wp-json\/wp\/v2\/types\/page"}],"author":[{"embeddable":true,"href":"https:\/\/venustas.ch\/wordpress\/wp-json\/wp\/v2\/users\/1"}],"replies":[{"embeddable":true,"href":"https:\/\/venustas.ch\/wordpress\/wp-json\/wp\/v2\/comments?post=3"}],"version-history":[{"count":2,"href":"https:\/\/venustas.ch\/wordpress\/wp-json\/wp\/v2\/pages\/3\/revisions"}],"predecessor-version":[{"id":139,"href":"https:\/\/venustas.ch\/wordpress\/wp-json\/wp\/v2\/pages\/3\/revisions\/139"}],"wp:attachment":[{"href":"https:\/\/venustas.ch\/wordpress\/wp-json\/wp\/v2\/media?parent=3"}],"curies":[{"name":"wp","href":"https:\/\/api.w.org\/{rel}","templated":true}]}}