{"id":26,"date":"2023-05-18T17:45:30","date_gmt":"2023-05-18T17:45:30","guid":{"rendered":"https:\/\/venustas.ch\/wordpress\/?page_id=26"},"modified":"2026-02-25T06:55:22","modified_gmt":"2026-02-25T06:55:22","slug":"naildesign","status":"publish","type":"page","link":"https:\/\/venustas.ch\/wordpress\/naildesign\/","title":{"rendered":"Naildesign"},"content":{"rendered":"\n<p>Wir verwenden hochwertige Nageldesignprodukte und Materialien, um sicherzustellen, dass Ihre Modellage nicht nur sch\u00f6n, sondern auch langlebig und von hoher Qualit\u00e4t ist. Wir bilden uns stetig weiter und verstehen die neusten Trends und Techniken. Verlassen Sie sich darauf, dass Ihre Modellage profesionell und pr\u00e4zise umgesetzt wird. Geniessen Sie eine entspannende Auszeit w\u00e4hrend Ihrer Behandlung. Es ist nicht nur eine \u00e4sthetische Erfahrung, sondern auch eine M\u00f6glichkeit zur Selbstverw\u00f6hnung und Entspannung.<\/p>\n\n\n\n<div class=\"wp-block-buttons is-layout-flex wp-block-buttons-is-layout-flex\">\n<div class=\"wp-block-button\"><a class=\"wp-block-button__link wp-element-button\" href=\"https:\/\/buchung.treatwell.ch\/ort\/venustas-beauty-gmbh\/\">Termin Buchen<\/a><\/div>\n<\/div>\n\n\n\n<div style=\"height:100px\" aria-hidden=\"true\" class=\"wp-block-spacer\"><\/div>\n\n\n\n<figure class=\"wp-block-gallery has-nested-images columns-default is-cropped wp-block-gallery-1 is-layout-flex wp-block-gallery-is-layout-flex\">\n<figure class=\"wp-block-image size-large is-style-default\"><img loading=\"lazy\" decoding=\"async\" width=\"768\" height=\"1024\" data-id=\"35\" src=\"https:\/\/venustas.ch\/wordpress\/wp-content\/uploads\/2023\/05\/4CAD0AD2-9D43-4920-9C60-42212DD6C233-768x1024.jpeg\" alt=\"\" class=\"wp-image-35\" srcset=\"https:\/\/venustas.ch\/wordpress\/wp-content\/uploads\/2023\/05\/4CAD0AD2-9D43-4920-9C60-42212DD6C233-768x1024.jpeg 768w, https:\/\/venustas.ch\/wordpress\/wp-content\/uploads\/2023\/05\/4CAD0AD2-9D43-4920-9C60-42212DD6C233-225x300.jpeg 225w, https:\/\/venustas.ch\/wordpress\/wp-content\/uploads\/2023\/05\/4CAD0AD2-9D43-4920-9C60-42212DD6C233-1152x1536.jpeg 1152w, https:\/\/venustas.ch\/wordpress\/wp-content\/uploads\/2023\/05\/4CAD0AD2-9D43-4920-9C60-42212DD6C233-1536x2048.jpeg 1536w, https:\/\/venustas.ch\/wordpress\/wp-content\/uploads\/2023\/05\/4CAD0AD2-9D43-4920-9C60-42212DD6C233-scaled.jpeg 1920w\" sizes=\"auto, (max-width: 768px) 100vw, 768px\" \/><\/figure>\n\n\n\n<figure class=\"wp-block-image size-large\"><img loading=\"lazy\" decoding=\"async\" width=\"1024\" height=\"928\" data-id=\"185\" src=\"https:\/\/venustas.ch\/wordpress\/wp-content\/uploads\/2024\/01\/4F6D1326-1522-4ED5-BCAB-5F615C7FA231-1024x928.jpeg\" alt=\"\" class=\"wp-image-185\" srcset=\"https:\/\/venustas.ch\/wordpress\/wp-content\/uploads\/2024\/01\/4F6D1326-1522-4ED5-BCAB-5F615C7FA231-1024x928.jpeg 1024w, https:\/\/venustas.ch\/wordpress\/wp-content\/uploads\/2024\/01\/4F6D1326-1522-4ED5-BCAB-5F615C7FA231-300x272.jpeg 300w, https:\/\/venustas.ch\/wordpress\/wp-content\/uploads\/2024\/01\/4F6D1326-1522-4ED5-BCAB-5F615C7FA231-768x696.jpeg 768w, https:\/\/venustas.ch\/wordpress\/wp-content\/uploads\/2024\/01\/4F6D1326-1522-4ED5-BCAB-5F615C7FA231-1536x1393.jpeg 1536w, https:\/\/venustas.ch\/wordpress\/wp-content\/uploads\/2024\/01\/4F6D1326-1522-4ED5-BCAB-5F615C7FA231-2048x1857.jpeg 2048w\" sizes=\"auto, (max-width: 1024px) 100vw, 1024px\" \/><\/figure>\n\n\n\n<figure class=\"wp-block-image size-large\"><img loading=\"lazy\" decoding=\"async\" width=\"935\" height=\"1024\" data-id=\"28\" src=\"https:\/\/venustas.ch\/wordpress\/wp-content\/uploads\/2023\/05\/8B359DCC-51C2-40CE-BBEF-AC39536F6C88-935x1024.jpeg\" alt=\"\" class=\"wp-image-28\" srcset=\"https:\/\/venustas.ch\/wordpress\/wp-content\/uploads\/2023\/05\/8B359DCC-51C2-40CE-BBEF-AC39536F6C88-935x1024.jpeg 935w, https:\/\/venustas.ch\/wordpress\/wp-content\/uploads\/2023\/05\/8B359DCC-51C2-40CE-BBEF-AC39536F6C88-274x300.jpeg 274w, https:\/\/venustas.ch\/wordpress\/wp-content\/uploads\/2023\/05\/8B359DCC-51C2-40CE-BBEF-AC39536F6C88-768x841.jpeg 768w, https:\/\/venustas.ch\/wordpress\/wp-content\/uploads\/2023\/05\/8B359DCC-51C2-40CE-BBEF-AC39536F6C88-1403x1536.jpeg 1403w, https:\/\/venustas.ch\/wordpress\/wp-content\/uploads\/2023\/05\/8B359DCC-51C2-40CE-BBEF-AC39536F6C88-1870x2048.jpeg 1870w\" sizes=\"auto, (max-width: 935px) 100vw, 935px\" \/><\/figure>\n\n\n\n<figure class=\"wp-block-image size-large\"><img loading=\"lazy\" decoding=\"async\" width=\"768\" height=\"1024\" data-id=\"36\" src=\"https:\/\/venustas.ch\/wordpress\/wp-content\/uploads\/2023\/05\/8E15EDDC-D968-49ED-8844-7BA19BD41423-768x1024.jpeg\" alt=\"\" class=\"wp-image-36\" srcset=\"https:\/\/venustas.ch\/wordpress\/wp-content\/uploads\/2023\/05\/8E15EDDC-D968-49ED-8844-7BA19BD41423-768x1024.jpeg 768w, https:\/\/venustas.ch\/wordpress\/wp-content\/uploads\/2023\/05\/8E15EDDC-D968-49ED-8844-7BA19BD41423-225x300.jpeg 225w, https:\/\/venustas.ch\/wordpress\/wp-content\/uploads\/2023\/05\/8E15EDDC-D968-49ED-8844-7BA19BD41423-1152x1536.jpeg 1152w, https:\/\/venustas.ch\/wordpress\/wp-content\/uploads\/2023\/05\/8E15EDDC-D968-49ED-8844-7BA19BD41423-1536x2048.jpeg 1536w, https:\/\/venustas.ch\/wordpress\/wp-content\/uploads\/2023\/05\/8E15EDDC-D968-49ED-8844-7BA19BD41423-scaled.jpeg 1920w\" sizes=\"auto, (max-width: 768px) 100vw, 768px\" \/><\/figure>\n\n\n\n<figure class=\"wp-block-image size-large\"><img loading=\"lazy\" decoding=\"async\" width=\"768\" height=\"1024\" data-id=\"29\" src=\"https:\/\/venustas.ch\/wordpress\/wp-content\/uploads\/2023\/05\/41AFF93F-2ABB-43D7-BBA1-5EC2755C09E0-768x1024.jpeg\" alt=\"\" class=\"wp-image-29\" srcset=\"https:\/\/venustas.ch\/wordpress\/wp-content\/uploads\/2023\/05\/41AFF93F-2ABB-43D7-BBA1-5EC2755C09E0-768x1024.jpeg 768w, https:\/\/venustas.ch\/wordpress\/wp-content\/uploads\/2023\/05\/41AFF93F-2ABB-43D7-BBA1-5EC2755C09E0-225x300.jpeg 225w, https:\/\/venustas.ch\/wordpress\/wp-content\/uploads\/2023\/05\/41AFF93F-2ABB-43D7-BBA1-5EC2755C09E0-1152x1536.jpeg 1152w, https:\/\/venustas.ch\/wordpress\/wp-content\/uploads\/2023\/05\/41AFF93F-2ABB-43D7-BBA1-5EC2755C09E0-1536x2048.jpeg 1536w, https:\/\/venustas.ch\/wordpress\/wp-content\/uploads\/2023\/05\/41AFF93F-2ABB-43D7-BBA1-5EC2755C09E0-scaled.jpeg 1920w\" sizes=\"auto, (max-width: 768px) 100vw, 768px\" \/><\/figure>\n\n\n\n<figure class=\"wp-block-image size-large\"><img loading=\"lazy\" decoding=\"async\" width=\"768\" height=\"1024\" data-id=\"34\" src=\"https:\/\/venustas.ch\/wordpress\/wp-content\/uploads\/2023\/05\/66EF538A-1605-4CAD-8F10-88C04C158578-768x1024.jpeg\" alt=\"\" class=\"wp-image-34\" srcset=\"https:\/\/venustas.ch\/wordpress\/wp-content\/uploads\/2023\/05\/66EF538A-1605-4CAD-8F10-88C04C158578-768x1024.jpeg 768w, https:\/\/venustas.ch\/wordpress\/wp-content\/uploads\/2023\/05\/66EF538A-1605-4CAD-8F10-88C04C158578-225x300.jpeg 225w, https:\/\/venustas.ch\/wordpress\/wp-content\/uploads\/2023\/05\/66EF538A-1605-4CAD-8F10-88C04C158578-1152x1536.jpeg 1152w, https:\/\/venustas.ch\/wordpress\/wp-content\/uploads\/2023\/05\/66EF538A-1605-4CAD-8F10-88C04C158578-1536x2048.jpeg 1536w, https:\/\/venustas.ch\/wordpress\/wp-content\/uploads\/2023\/05\/66EF538A-1605-4CAD-8F10-88C04C158578-scaled.jpeg 1920w\" sizes=\"auto, (max-width: 768px) 100vw, 768px\" \/><\/figure>\n\n\n\n<figure class=\"wp-block-image size-large\"><img loading=\"lazy\" decoding=\"async\" width=\"768\" height=\"1024\" data-id=\"27\" src=\"https:\/\/venustas.ch\/wordpress\/wp-content\/uploads\/2023\/05\/94B7961C-22D2-4826-8E53-EBD8AB7D2CAF-768x1024.jpeg\" alt=\"\" class=\"wp-image-27\" srcset=\"https:\/\/venustas.ch\/wordpress\/wp-content\/uploads\/2023\/05\/94B7961C-22D2-4826-8E53-EBD8AB7D2CAF-768x1024.jpeg 768w, https:\/\/venustas.ch\/wordpress\/wp-content\/uploads\/2023\/05\/94B7961C-22D2-4826-8E53-EBD8AB7D2CAF-225x300.jpeg 225w, https:\/\/venustas.ch\/wordpress\/wp-content\/uploads\/2023\/05\/94B7961C-22D2-4826-8E53-EBD8AB7D2CAF-1152x1536.jpeg 1152w, https:\/\/venustas.ch\/wordpress\/wp-content\/uploads\/2023\/05\/94B7961C-22D2-4826-8E53-EBD8AB7D2CAF-1536x2048.jpeg 1536w, https:\/\/venustas.ch\/wordpress\/wp-content\/uploads\/2023\/05\/94B7961C-22D2-4826-8E53-EBD8AB7D2CAF-scaled.jpeg 1920w\" sizes=\"auto, (max-width: 768px) 100vw, 768px\" \/><\/figure>\n\n\n\n<figure class=\"wp-block-image size-large\"><img loading=\"lazy\" decoding=\"async\" width=\"768\" height=\"1024\" data-id=\"31\" src=\"https:\/\/venustas.ch\/wordpress\/wp-content\/uploads\/2023\/05\/A44C2B46-3FB1-4863-BC92-713E5598C10D-768x1024.jpeg\" alt=\"\" class=\"wp-image-31\" srcset=\"https:\/\/venustas.ch\/wordpress\/wp-content\/uploads\/2023\/05\/A44C2B46-3FB1-4863-BC92-713E5598C10D-768x1024.jpeg 768w, https:\/\/venustas.ch\/wordpress\/wp-content\/uploads\/2023\/05\/A44C2B46-3FB1-4863-BC92-713E5598C10D-225x300.jpeg 225w, https:\/\/venustas.ch\/wordpress\/wp-content\/uploads\/2023\/05\/A44C2B46-3FB1-4863-BC92-713E5598C10D-1152x1536.jpeg 1152w, https:\/\/venustas.ch\/wordpress\/wp-content\/uploads\/2023\/05\/A44C2B46-3FB1-4863-BC92-713E5598C10D-1536x2048.jpeg 1536w, https:\/\/venustas.ch\/wordpress\/wp-content\/uploads\/2023\/05\/A44C2B46-3FB1-4863-BC92-713E5598C10D-scaled.jpeg 1920w\" sizes=\"auto, (max-width: 768px) 100vw, 768px\" \/><\/figure>\n\n\n\n<figure class=\"wp-block-image size-large\"><img loading=\"lazy\" decoding=\"async\" width=\"876\" height=\"1024\" data-id=\"184\" src=\"https:\/\/venustas.ch\/wordpress\/wp-content\/uploads\/2024\/01\/1F97C1F2-4CBE-49E6-928A-BDC28DB0CB6B-876x1024.jpeg\" alt=\"\" class=\"wp-image-184\" srcset=\"https:\/\/venustas.ch\/wordpress\/wp-content\/uploads\/2024\/01\/1F97C1F2-4CBE-49E6-928A-BDC28DB0CB6B-876x1024.jpeg 876w, https:\/\/venustas.ch\/wordpress\/wp-content\/uploads\/2024\/01\/1F97C1F2-4CBE-49E6-928A-BDC28DB0CB6B-257x300.jpeg 257w, https:\/\/venustas.ch\/wordpress\/wp-content\/uploads\/2024\/01\/1F97C1F2-4CBE-49E6-928A-BDC28DB0CB6B-768x897.jpeg 768w, https:\/\/venustas.ch\/wordpress\/wp-content\/uploads\/2024\/01\/1F97C1F2-4CBE-49E6-928A-BDC28DB0CB6B-1314x1536.jpeg 1314w, https:\/\/venustas.ch\/wordpress\/wp-content\/uploads\/2024\/01\/1F97C1F2-4CBE-49E6-928A-BDC28DB0CB6B-1753x2048.jpeg 1753w\" sizes=\"auto, (max-width: 876px) 100vw, 876px\" \/><\/figure>\n\n\n\n<figure class=\"wp-block-image size-large\"><img loading=\"lazy\" decoding=\"async\" width=\"972\" height=\"1024\" data-id=\"186\" src=\"https:\/\/venustas.ch\/wordpress\/wp-content\/uploads\/2024\/01\/8CD1F389-8C8A-4EB8-A2E6-3E1C3925753B-972x1024.jpeg\" alt=\"\" class=\"wp-image-186\" srcset=\"https:\/\/venustas.ch\/wordpress\/wp-content\/uploads\/2024\/01\/8CD1F389-8C8A-4EB8-A2E6-3E1C3925753B-972x1024.jpeg 972w, https:\/\/venustas.ch\/wordpress\/wp-content\/uploads\/2024\/01\/8CD1F389-8C8A-4EB8-A2E6-3E1C3925753B-285x300.jpeg 285w, https:\/\/venustas.ch\/wordpress\/wp-content\/uploads\/2024\/01\/8CD1F389-8C8A-4EB8-A2E6-3E1C3925753B-768x809.jpeg 768w, https:\/\/venustas.ch\/wordpress\/wp-content\/uploads\/2024\/01\/8CD1F389-8C8A-4EB8-A2E6-3E1C3925753B-1459x1536.jpeg 1459w, https:\/\/venustas.ch\/wordpress\/wp-content\/uploads\/2024\/01\/8CD1F389-8C8A-4EB8-A2E6-3E1C3925753B-1945x2048.jpeg 1945w\" sizes=\"auto, (max-width: 972px) 100vw, 972px\" \/><\/figure>\n\n\n\n<figure class=\"wp-block-image size-large\"><img loading=\"lazy\" decoding=\"async\" width=\"768\" height=\"1024\" data-id=\"33\" src=\"https:\/\/venustas.ch\/wordpress\/wp-content\/uploads\/2023\/05\/C10500A9-EA2C-4861-98FC-F7A9A86EC445-768x1024.jpeg\" alt=\"\" class=\"wp-image-33\" srcset=\"https:\/\/venustas.ch\/wordpress\/wp-content\/uploads\/2023\/05\/C10500A9-EA2C-4861-98FC-F7A9A86EC445-768x1024.jpeg 768w, https:\/\/venustas.ch\/wordpress\/wp-content\/uploads\/2023\/05\/C10500A9-EA2C-4861-98FC-F7A9A86EC445-225x300.jpeg 225w, https:\/\/venustas.ch\/wordpress\/wp-content\/uploads\/2023\/05\/C10500A9-EA2C-4861-98FC-F7A9A86EC445-1152x1536.jpeg 1152w, https:\/\/venustas.ch\/wordpress\/wp-content\/uploads\/2023\/05\/C10500A9-EA2C-4861-98FC-F7A9A86EC445-1536x2048.jpeg 1536w, https:\/\/venustas.ch\/wordpress\/wp-content\/uploads\/2023\/05\/C10500A9-EA2C-4861-98FC-F7A9A86EC445-scaled.jpeg 1920w\" sizes=\"auto, (max-width: 768px) 100vw, 768px\" \/><\/figure>\n\n\n\n<figure class=\"wp-block-image size-large\"><img loading=\"lazy\" decoding=\"async\" width=\"946\" height=\"1024\" data-id=\"187\" src=\"https:\/\/venustas.ch\/wordpress\/wp-content\/uploads\/2024\/01\/4E2E3A26-8A96-49F3-9D69-184703AAFF74-946x1024.jpeg\" alt=\"\" class=\"wp-image-187\" srcset=\"https:\/\/venustas.ch\/wordpress\/wp-content\/uploads\/2024\/01\/4E2E3A26-8A96-49F3-9D69-184703AAFF74-946x1024.jpeg 946w, https:\/\/venustas.ch\/wordpress\/wp-content\/uploads\/2024\/01\/4E2E3A26-8A96-49F3-9D69-184703AAFF74-277x300.jpeg 277w, https:\/\/venustas.ch\/wordpress\/wp-content\/uploads\/2024\/01\/4E2E3A26-8A96-49F3-9D69-184703AAFF74-768x832.jpeg 768w, https:\/\/venustas.ch\/wordpress\/wp-content\/uploads\/2024\/01\/4E2E3A26-8A96-49F3-9D69-184703AAFF74-1419x1536.jpeg 1419w, https:\/\/venustas.ch\/wordpress\/wp-content\/uploads\/2024\/01\/4E2E3A26-8A96-49F3-9D69-184703AAFF74-1892x2048.jpeg 1892w\" sizes=\"auto, (max-width: 946px) 100vw, 946px\" \/><\/figure>\n<\/figure>\n","protected":false},"excerpt":{"rendered":"<p>Wir verwenden hochwertige Nageldesignprodukte und Materialien, um sicherzustellen, dass Ihre Modellage nicht nur sch\u00f6n, sondern auch langlebig und von hoher Qualit\u00e4t ist. Wir bilden uns stetig weiter und verstehen die neusten Trends und Techniken. Verlassen Sie sich darauf, dass Ihre Modellage profesionell und pr\u00e4zise umgesetzt wird. Geniessen Sie eine entspannende Auszeit w\u00e4hrend Ihrer Behandlung. Es [&hellip;]<\/p>\n","protected":false},"author":1,"featured_media":0,"parent":0,"menu_order":0,"comment_status":"closed","ping_status":"closed","template":"","meta":{"footnotes":""},"class_list":["post-26","page","type-page","status-publish","hentry"],"_links":{"self":[{"href":"https:\/\/venustas.ch\/wordpress\/wp-json\/wp\/v2\/pages\/26","targetHints":{"allow":["GET"]}}],"collection":[{"href":"https:\/\/venustas.ch\/wordpress\/wp-json\/wp\/v2\/pages"}],"about":[{"href":"https:\/\/venustas.ch\/wordpress\/wp-json\/wp\/v2\/types\/page"}],"author":[{"embeddable":true,"href":"https:\/\/venustas.ch\/wordpress\/wp-json\/wp\/v2\/users\/1"}],"replies":[{"embeddable":true,"href":"https:\/\/venustas.ch\/wordpress\/wp-json\/wp\/v2\/comments?post=26"}],"version-history":[{"count":8,"href":"https:\/\/venustas.ch\/wordpress\/wp-json\/wp\/v2\/pages\/26\/revisions"}],"predecessor-version":[{"id":454,"href":"https:\/\/venustas.ch\/wordpress\/wp-json\/wp\/v2\/pages\/26\/revisions\/454"}],"wp:attachment":[{"href":"https:\/\/venustas.ch\/wordpress\/wp-json\/wp\/v2\/media?parent=26"}],"curies":[{"name":"wp","href":"https:\/\/api.w.org\/{rel}","templated":true}]}}