{"id":2,"date":"2023-05-18T14:58:13","date_gmt":"2023-05-18T14:58:13","guid":{"rendered":"https:\/\/venustas.ch\/wordpress\/?page_id=2"},"modified":"2025-09-10T13:10:08","modified_gmt":"2025-09-10T13:10:08","slug":"herzlich-wilkommen","status":"publish","type":"page","link":"https:\/\/venustas.ch\/wordpress\/","title":{"rendered":"Herzlich Wilkommen"},"content":{"rendered":"\n<blockquote class=\"wp-block-quote has-pale-pink-color has-text-color has-link-color wp-elements-416dc3ad6e4b2b76fdf748da93aa6639 is-layout-flow wp-block-quote-is-layout-flow\">\n<p class=\"has-text-align-center has-large-font-size\">Venustas &#8211; Beauty die Strahlt!<\/p>\n<\/blockquote>\n\n\n\n<div style=\"height:70px\" aria-hidden=\"true\" class=\"wp-block-spacer\"><\/div>\n\n\n\n<h2 class=\"wp-block-heading has-text-align-center\">Unsere spezialgebiete umfassen<\/h2>\n\n\n\n<div style=\"height:35px\" aria-hidden=\"true\" class=\"wp-block-spacer\"><\/div>\n\n\n\n<p class=\"has-text-align-center has-white-color has-text-color has-link-color wp-elements-7527edd1882dda55c603e8717b755846\">&#8230;<\/p>\n\n\n\n<p class=\"has-text-align-center has-black-color has-text-color has-link-color has-medium-font-size wp-elements-6e82f7a49b8887f47f2d57e5f2d0f856\" id=\"kosmetikdermaneedling\"><strong><a href=\"https:\/\/venustas.ch\/wordpress\/dermaneedling\/\" data-type=\"page\" data-id=\"22\">Dermaneedling<\/a><\/strong>, revolution\u00e4re Hautverj\u00fcngung, Pore by Pore<\/p>\n\n\n\n<p class=\"has-text-align-center aqua facial has-black-color has-text-color has-link-color has-medium-font-size wp-elements-c486a58ea8b40e86715c12c9d0599aa6\" id=\"kosmetikaquafacial\"><strong><a href=\"https:\/\/venustas.ch\/wordpress\/aqua-facial\/\" data-type=\"page\" data-id=\"22\">Aqua Facial<\/a><\/strong>, entdecke die strahlende Frische deiner Haut<\/p>\n\n\n\n<p class=\"has-text-align-center has-black-color has-text-color has-link-color has-medium-font-size wp-elements-d4de1332b17c7ced1b408674bbadfcd9\"><strong><a href=\"https:\/\/venustas.ch\/wordpress\/laser-haarentfernung\/\">Laser Haarentfernung<\/a><\/strong>, frei von l\u00e4stigen Haaren<\/p>\n\n\n\n<p class=\"has-text-align-center has-black-color has-text-color has-link-color has-medium-font-size wp-elements-ca4068cac00a4147853bf6df4b2e22d9\"><a href=\"https:\/\/venustas.ch\/wordpress\/naildesign\/\"><strong>Naildesign <\/strong><\/a>und <strong><a href=\"https:\/\/venustas.ch\/wordpress\/naildesign\/naildesing-ausbildung\/\">Ausbildung<\/a><\/strong>, Kunst auf deinen N\u00e4gel und erlerne den Beruf<\/p>\n\n\n\n<p class=\"has-text-align-center has-black-color has-text-color has-link-color has-medium-font-size wp-elements-e328ba83cb67632292cf0a6e17aea2db\"><a href=\"https:\/\/venustas.ch\/wordpress\/wimpern\/\"><strong>Wimpernextensions<\/strong><\/a> und <strong><a href=\"https:\/\/venustas.ch\/wordpress\/wimpern\/wimpern-ausbildung\/\">Ausbildung <\/a><\/strong>lass deine Augen strahlen mit jedem Wimpernschlag<\/p>\n\n\n\n<div style=\"height:100px\" aria-hidden=\"true\" class=\"wp-block-spacer\"><\/div>\n\n\n\n<h2 class=\"wp-block-heading\">suche Modelle f\u00fcr Kosmetikbehandlungen f\u00fcr meine EFZ Pr\u00fcfung 2026<\/h2>\n\n\n\n<p>Mein Name ist Alexandra, ich bin seit 2023 Kosmetikerin einer Fachschule und bereite mich f\u00fcr meine Abschlusspr\u00fcfung als Kosmetikerin EFZ vor. Daf\u00fcr suche ich liebevolle Modelle, die sich verw\u00f6hnen lassen m\u00f6chten, zu stark verg\u00fcnstigten Preise. <a href=\"https:\/\/venustas.ch\/wordpress\/kosmetik\/#suche-ich-Modelle\" data-type=\"internal\" data-id=\"#suche-ich-Modelle\">Erfahre <\/a><a href=\"https:\/\/venustas.ch\/wordpress\/kosmetik\/von\" data-type=\"link\" data-id=\"https:\/\/venustas.ch\/wordpress\/kosmetik\/von\">mehr&#8230;<\/a><\/p>\n\n\n\n<div style=\"height:100px\" aria-hidden=\"true\" class=\"wp-block-spacer\"><\/div>\n\n\n<div class=\"wp-gr rpi wpac\" data-id=\"232\" data-layout=\"slider\" data-exec=\"false\" data-options='{&quot;text_size&quot;:&quot;&quot;,&quot;trans&quot;:{&quot;read more&quot;:&quot;read more&quot;}}'><svg xmlns=\"http:\/\/www.w3.org\/2000\/svg\" style=\"display:none!important\"><symbol id=\"grw-tripadvisor\" viewBox=\"0 0 713.496 713.496\"><g><circle fill=\"#34E0A1\" cx=\"356.749\" cy=\"356.748\" r=\"356.748\"\/><path d=\"M577.095,287.152l43.049-46.836h-95.465c-47.792-32.646-105.51-51.659-167.931-51.659   c-62.342,0-119.899,19.054-167.612,51.659H93.432l43.049,46.836c-26.387,24.075-42.929,58.754-42.929,97.259   c0,72.665,58.914,131.578,131.579,131.578c34.519,0,65.968-13.313,89.446-35.077l42.172,45.919l42.172-45.879   c23.478,21.764,54.887,35.037,89.406,35.037c72.665,0,131.658-58.913,131.658-131.578   C620.024,345.866,603.483,311.188,577.095,287.152z M225.17,473.458c-49.188,0-89.047-39.859-89.047-89.047   s39.86-89.048,89.047-89.048c49.187,0,89.047,39.86,89.047,89.048S274.357,473.458,225.17,473.458z M356.788,381.82   c0-58.595-42.61-108.898-98.853-130.383c30.413-12.716,63.776-19.771,98.813-19.771s68.439,7.055,98.853,19.771   C399.399,272.962,356.788,323.226,356.788,381.82z M488.367,473.458c-49.188,0-89.048-39.859-89.048-89.047   s39.86-89.048,89.048-89.048s89.047,39.86,89.047,89.048S537.554,473.458,488.367,473.458z M488.367,337.694   c-25.79,0-46.677,20.887-46.677,46.677c0,25.789,20.887,46.676,46.677,46.676c25.789,0,46.676-20.887,46.676-46.676   C535.042,358.621,514.156,337.694,488.367,337.694z M271.846,384.411c0,25.789-20.887,46.676-46.676,46.676   s-46.676-20.887-46.676-46.676c0-25.79,20.887-46.677,46.676-46.677C250.959,337.694,271.846,358.621,271.846,384.411z\"\/><\/g><\/symbol><symbol id=\"grw-google\" viewBox=\"0 0 512 512\"><g fill=\"none\" fill-rule=\"evenodd\"><path d=\"M482.56 261.36c0-16.73-1.5-32.83-4.29-48.27H256v91.29h127.01c-5.47 29.5-22.1 54.49-47.09 71.23v59.21h76.27c44.63-41.09 70.37-101.59 70.37-173.46z\" fill=\"#4285f4\"\/><path d=\"M256 492c63.72 0 117.14-21.13 156.19-57.18l-76.27-59.21c-21.13 14.16-48.17 22.53-79.92 22.53-61.47 0-113.49-41.51-132.05-97.3H45.1v61.15c38.83 77.13 118.64 130.01 210.9 130.01z\" fill=\"#34a853\"\/><path d=\"M123.95 300.84c-4.72-14.16-7.4-29.29-7.4-44.84s2.68-30.68 7.4-44.84V150.01H45.1C29.12 181.87 20 217.92 20 256c0 38.08 9.12 74.13 25.1 105.99l78.85-61.15z\" fill=\"#fbbc05\"\/><path d=\"M256 113.86c34.65 0 65.76 11.91 90.22 35.29l67.69-67.69C373.03 43.39 319.61 20 256 20c-92.25 0-172.07 52.89-210.9 130.01l78.85 61.15c18.56-55.78 70.59-97.3 132.05-97.3z\" fill=\"#ea4335\"\/><path d=\"M20 20h472v472H20V20z\"\/><\/g><\/symbol><\/svg><div class=\"grw-row grw-row-m\" data-options='{\"speed\":3,\"autoplay\":true,\"mousestop\":true,\"breakpoints\":\"\"}'><div class=\"grw-header\"><div class=\"grw-header-inner rpi-flx rpi-row12\"><div class=\"grw-img-wrap\"><img decoding=\"async\" class=\"grw-img\" src=\"https:\/\/lh3.googleusercontent.com\/places\/ANXAkqFbu4DPBTaYzgiveZB14NIbYH7v7Z-J_kYBbNi_LN--gIonE9YcoK2U8JUdVDVQX-_2Dg8SxASl-kg4_SoZW6Ev_huynusB2qI=s1600-w300-h300\" loading=\"lazy\" alt=\"Venustas Beauty place picture\" width=\"50\" height=\"50\" onerror=\"if(this.src!='data:image\/gif;base64,R0lGODlhAQABAIAAAAAAAP\/\/\/yH5BAEAAAAALAAAAAABAAEAAAIBRAA7')this.src='data:image\/gif;base64,R0lGODlhAQABAIAAAAAAAP\/\/\/yH5BAEAAAAALAAAAAABAAEAAAIBRAA7';\" ><\/div><div class=\"rpi-flx rpi-col8\"><div class=\"wp-google-name\"><a href=\"https:\/\/maps.google.com\/?cid=107264556426879302\" target=\"_blank\" rel=\"nofollow noopener\">Venustas Beauty<\/a><\/div><span class=\"rpi-stars\" style=\"--rating:4.9\">4.9<\/span><div class=\"wp-google-based\">Based on 16 reviews<\/div><div class=\"wp-google-powered\">powered by <span><span style=\"color:#3c6df0!important\">G<\/span><span style=\"color:#d93025!important\">o<\/span><span style=\"color:#fb8e28!important\">o<\/span><span style=\"color:#3c6df0!important\">g<\/span><span style=\"color:#188038!important\">l<\/span><span style=\"color:#d93025!important\">e<\/span><\/span><\/div><div class=\"wp-google-wr\"><a href=\"https:\/\/search.google.com\/local\/writereview?placeid=ChIJId_vrBkZkEcRRmHQtosUfQE\" target=\"_blank\" rel=\"nofollow noopener\" onclick=\"return rplg_leave_review_window.call(this)\">review us on<svg height=\"16\" width=\"16\" role=\"none\"><use href=\"#grw-google\"><\/use><\/svg><\/a><\/div><\/div><\/div><\/div><div class=\"rpi-slides-root grw-content\"><div class=\"grw-content-inner\"><button class=\"rpi-ltgt rpi-lt grw-prev\" tabindex=\"0\"><\/button><div class=\"rpi-slides grw-reviews rpi-slides-bite\" data-count=\"6\" data-offset=\"6\"><div class=\"rpi-slide grw-review\"><div class=\"rpi-flx rpi-col12 grw-review-inner grw-backgnd\"><div class=\"rpi-flx rpi-row12-center\"><div class=\"grw-img-wrap\"><img decoding=\"async\" class=\"grw-img\" src=\"https:\/\/venustas.ch\/wordpress\/wp-content\/uploads\/2024\/02\/ChIJId_vrBkZkEcRRmHQtosUfQE_1ba607c7e9b5b286a2d749abb550dc1a.jpg\" loading=\"lazy\" alt=\"Sabrina Demirel profile picture\" width=\"50\" height=\"50\" onerror=\"if(this.src!='https:\/\/venustas.ch\/wordpress\/wp-content\/plugins\/widget-google-reviews\/assets\/img\/guest.png')this.src='https:\/\/venustas.ch\/wordpress\/wp-content\/plugins\/widget-google-reviews\/assets\/img\/guest.png';\" ><\/div><div class=\"rpi-flx rpi-col6\"><a href=\"https:\/\/www.google.com\/maps\/contrib\/110208294436683325405\/reviews\" class=\"wp-google-name\" target=\"_blank\" rel=\"nofollow noopener\">Sabrina Demirel<\/a><div class=\"wp-google-time\" data-time=\"1705433280\">19:28 16 Jan 24<\/div><\/div><\/div><span class=\"rpi-stars\" style=\"--rating:5\"><\/span><div class=\"rpi-flx rpi-col4\"><div class=\"wp-google-feedback grw-scroll\" ><span class=\"wp-google-text\">Perfekte Arbeit, sauber,, sehr empfehlenswert<\/span><\/div><\/div><svg height=\"16\" width=\"16\" role=\"none\"><use href=\"#grw-google\"\/><\/svg><\/div><\/div><div class=\"rpi-slide grw-review\"><div class=\"rpi-flx rpi-col12 grw-review-inner grw-backgnd\"><div class=\"rpi-flx rpi-row12-center\"><div class=\"grw-img-wrap\"><img decoding=\"async\" class=\"grw-img\" src=\"https:\/\/venustas.ch\/wordpress\/wp-content\/uploads\/2024\/02\/ChIJId_vrBkZkEcRRmHQtosUfQE_1bb7af17a333fab382f0c624c2b16535.jpg\" loading=\"lazy\" alt=\"anita citneki profile picture\" width=\"50\" height=\"50\" onerror=\"if(this.src!='https:\/\/venustas.ch\/wordpress\/wp-content\/plugins\/widget-google-reviews\/assets\/img\/guest.png')this.src='https:\/\/venustas.ch\/wordpress\/wp-content\/plugins\/widget-google-reviews\/assets\/img\/guest.png';\" ><\/div><div class=\"rpi-flx rpi-col6\"><a href=\"https:\/\/www.google.com\/maps\/contrib\/103383609769222327847\/reviews\" class=\"wp-google-name\" target=\"_blank\" rel=\"nofollow noopener\">anita citneki<\/a><div class=\"wp-google-time\" data-time=\"1702668544\">19:29 15 Dec 23<\/div><\/div><\/div><span class=\"rpi-stars\" style=\"--rating:5\"><\/span><div class=\"rpi-flx rpi-col4\"><div class=\"wp-google-feedback grw-scroll\" ><\/div><\/div><svg height=\"16\" width=\"16\" role=\"none\"><use href=\"#grw-google\"\/><\/svg><\/div><\/div><div class=\"rpi-slide grw-review\"><div class=\"rpi-flx rpi-col12 grw-review-inner grw-backgnd\"><div class=\"rpi-flx rpi-row12-center\"><div class=\"grw-img-wrap\"><img decoding=\"async\" class=\"grw-img\" src=\"https:\/\/venustas.ch\/wordpress\/wp-content\/uploads\/2024\/02\/ChIJId_vrBkZkEcRRmHQtosUfQE_a05dd51ac3538b1070610da69d616f55.jpg\" loading=\"lazy\" alt=\"Patr\u00edcia Willimann profile picture\" width=\"50\" height=\"50\" onerror=\"if(this.src!='https:\/\/venustas.ch\/wordpress\/wp-content\/plugins\/widget-google-reviews\/assets\/img\/guest.png')this.src='https:\/\/venustas.ch\/wordpress\/wp-content\/plugins\/widget-google-reviews\/assets\/img\/guest.png';\" ><\/div><div class=\"rpi-flx rpi-col6\"><a href=\"https:\/\/www.google.com\/maps\/contrib\/101928885788668968678\/reviews\" class=\"wp-google-name\" target=\"_blank\" rel=\"nofollow noopener\">Patr\u00edcia Willimann<\/a><div class=\"wp-google-time\" data-time=\"1701510026\">09:40 02 Dec 23<\/div><\/div><\/div><span class=\"rpi-stars\" style=\"--rating:5\"><\/span><div class=\"rpi-flx rpi-col4\"><div class=\"wp-google-feedback grw-scroll\" ><span class=\"wp-google-text\">10\/10 Absolut Top&#x1f60a; Sie ist die Beste in der Region &#x1f60a;<\/span><\/div><\/div><svg height=\"16\" width=\"16\" role=\"none\"><use href=\"#grw-google\"\/><\/svg><\/div><\/div><div class=\"rpi-slide grw-review\"><div class=\"rpi-flx rpi-col12 grw-review-inner grw-backgnd\"><div class=\"rpi-flx rpi-row12-center\"><div class=\"grw-img-wrap\"><img decoding=\"async\" class=\"grw-img\" src=\"https:\/\/venustas.ch\/wordpress\/wp-content\/uploads\/2024\/02\/ChIJId_vrBkZkEcRRmHQtosUfQE_98a0250b9f238c8e0d3670a1cb5b2a51.jpg\" loading=\"lazy\" alt=\"Barbara Hunziker profile picture\" width=\"50\" height=\"50\" onerror=\"if(this.src!='https:\/\/venustas.ch\/wordpress\/wp-content\/plugins\/widget-google-reviews\/assets\/img\/guest.png')this.src='https:\/\/venustas.ch\/wordpress\/wp-content\/plugins\/widget-google-reviews\/assets\/img\/guest.png';\" ><\/div><div class=\"rpi-flx rpi-col6\"><a href=\"https:\/\/www.google.com\/maps\/contrib\/115242834738050127903\/reviews\" class=\"wp-google-name\" target=\"_blank\" rel=\"nofollow noopener\">Barbara Hunziker<\/a><div class=\"wp-google-time\" data-time=\"1701249989\">09:26 29 Nov 23<\/div><\/div><\/div><span class=\"rpi-stars\" style=\"--rating:5\"><\/span><div class=\"rpi-flx rpi-col4\"><div class=\"wp-google-feedback grw-scroll\" ><span class=\"wp-google-text\">Immer sehr sch\u00f6ne N\u00e4gel&#x1f929;&#x1f929; immer gerne<\/span><\/div><\/div><svg height=\"16\" width=\"16\" role=\"none\"><use href=\"#grw-google\"\/><\/svg><\/div><\/div><div class=\"rpi-slide grw-review\"><div class=\"rpi-flx rpi-col12 grw-review-inner grw-backgnd\"><div class=\"rpi-flx rpi-row12-center\"><div class=\"grw-img-wrap\"><img decoding=\"async\" class=\"grw-img\" src=\"https:\/\/venustas.ch\/wordpress\/wp-content\/uploads\/2024\/02\/ChIJId_vrBkZkEcRRmHQtosUfQE_ab32c0f288749ec3fa52b996a4a4e3fa.jpg\" loading=\"lazy\" alt=\"Rene Hilfiker profile picture\" width=\"50\" height=\"50\" onerror=\"if(this.src!='https:\/\/venustas.ch\/wordpress\/wp-content\/plugins\/widget-google-reviews\/assets\/img\/guest.png')this.src='https:\/\/venustas.ch\/wordpress\/wp-content\/plugins\/widget-google-reviews\/assets\/img\/guest.png';\" ><\/div><div class=\"rpi-flx rpi-col6\"><a href=\"https:\/\/www.google.com\/maps\/contrib\/103812856022823127887\/reviews\" class=\"wp-google-name\" target=\"_blank\" rel=\"nofollow noopener\">Rene Hilfiker<\/a><div class=\"wp-google-time\" data-time=\"1700050740\">12:19 15 Nov 23<\/div><\/div><\/div><span class=\"rpi-stars\" style=\"--rating:5\"><\/span><div class=\"rpi-flx rpi-col4\"><div class=\"wp-google-feedback grw-scroll\" ><span class=\"wp-google-text\">Danke f\u00f6r die super sch\u00f6ni arbet ,ha jedesmol freud a miene sch\u00f6ne N\u00e4gu.Liebe Gruess Marianne<\/span><\/div><\/div><svg height=\"16\" width=\"16\" role=\"none\"><use href=\"#grw-google\"\/><\/svg><\/div><\/div><div class=\"rpi-slide grw-review\"><div class=\"rpi-flx rpi-col12 grw-review-inner grw-backgnd\"><div class=\"rpi-flx rpi-row12-center\"><div class=\"grw-img-wrap\"><img decoding=\"async\" class=\"grw-img\" src=\"https:\/\/venustas.ch\/wordpress\/wp-content\/uploads\/2024\/02\/ChIJId_vrBkZkEcRRmHQtosUfQE_0ab7643883655ee101beebbc55f560e6.jpg\" loading=\"lazy\" alt=\"Romina Kuster profile picture\" width=\"50\" height=\"50\" onerror=\"if(this.src!='https:\/\/venustas.ch\/wordpress\/wp-content\/plugins\/widget-google-reviews\/assets\/img\/guest.png')this.src='https:\/\/venustas.ch\/wordpress\/wp-content\/plugins\/widget-google-reviews\/assets\/img\/guest.png';\" ><\/div><div class=\"rpi-flx rpi-col6\"><a href=\"https:\/\/www.google.com\/maps\/contrib\/107775351193459003292\/reviews\" class=\"wp-google-name\" target=\"_blank\" rel=\"nofollow noopener\">Romina Kuster<\/a><div class=\"wp-google-time\" data-time=\"1700042570\">10:02 15 Nov 23<\/div><\/div><\/div><span class=\"rpi-stars\" style=\"--rating:5\"><\/span><div class=\"rpi-flx rpi-col4\"><div class=\"wp-google-feedback grw-scroll\" ><span class=\"wp-google-text\">Die best Nagelfee, sie isch so genau und schaffet mega suuber. Bi scho sid ca 6 Jahr bi ihre und ga jedes mal happy hei &#x1f929;<\/span><\/div><\/div><svg height=\"16\" width=\"16\" role=\"none\"><use href=\"#grw-google\"\/><\/svg><\/div><\/div><\/div><button class=\"rpi-ltgt rpi-gt grw-next\" tabindex=\"0\"><\/button><div class=\"rpi-dots-wrap\"><div class=\"rpi-dots\"><\/div><\/div><\/div><\/div><\/div><script>(function(p){if(!p)return;let w=p.offsetWidth,m=function(a,b){return Math.min(a,b)===a};p.querySelector('.grw-row').classList.replace('grw-row-m','grw-row-'+(m(w,510)?'xs':m(w,750)?'x':m(w,1100)?'s':m(w,1450)?'m':m(w,1800)?'l':'xl'))})(document.currentScript?.parentElement)<\/script><\/div>\n\n\n<p><\/p>\n","protected":false},"excerpt":{"rendered":"<p>Venustas &#8211; Beauty die Strahlt! Unsere spezialgebiete umfassen &#8230; Dermaneedling, revolution\u00e4re Hautverj\u00fcngung, Pore by Pore Aqua Facial, entdecke die strahlende Frische deiner Haut Laser Haarentfernung, frei von l\u00e4stigen Haaren Naildesign und Ausbildung, Kunst auf deinen N\u00e4gel und erlerne den Beruf Wimpernextensions und Ausbildung lass deine Augen strahlen mit jedem Wimpernschlag suche Modelle f\u00fcr Kosmetikbehandlungen f\u00fcr [&hellip;]<\/p>\n","protected":false},"author":1,"featured_media":0,"parent":0,"menu_order":0,"comment_status":"closed","ping_status":"closed","template":"","meta":{"footnotes":""},"class_list":["post-2","page","type-page","status-publish","hentry"],"_links":{"self":[{"href":"https:\/\/venustas.ch\/wordpress\/wp-json\/wp\/v2\/pages\/2","targetHints":{"allow":["GET"]}}],"collection":[{"href":"https:\/\/venustas.ch\/wordpress\/wp-json\/wp\/v2\/pages"}],"about":[{"href":"https:\/\/venustas.ch\/wordpress\/wp-json\/wp\/v2\/types\/page"}],"author":[{"embeddable":true,"href":"https:\/\/venustas.ch\/wordpress\/wp-json\/wp\/v2\/users\/1"}],"replies":[{"embeddable":true,"href":"https:\/\/venustas.ch\/wordpress\/wp-json\/wp\/v2\/comments?post=2"}],"version-history":[{"count":43,"href":"https:\/\/venustas.ch\/wordpress\/wp-json\/wp\/v2\/pages\/2\/revisions"}],"predecessor-version":[{"id":421,"href":"https:\/\/venustas.ch\/wordpress\/wp-json\/wp\/v2\/pages\/2\/revisions\/421"}],"wp:attachment":[{"href":"https:\/\/venustas.ch\/wordpress\/wp-json\/wp\/v2\/media?parent=2"}],"curies":[{"name":"wp","href":"https:\/\/api.w.org\/{rel}","templated":true}]}}